{"id":36756,"date":"2025-10-28T12:56:18","date_gmt":"2025-10-28T11:56:18","guid":{"rendered":"https:\/\/mark-eating.pl\/?post_type=product&#038;p=36756"},"modified":"2025-11-12T14:58:58","modified_gmt":"2025-11-12T13:58:58","slug":"kurs-online-tworz-wirtualne-sesej-zdjeciowe-ai-i-memy","status":"publish","type":"product","link":"https:\/\/mark-eating.pl\/en\/product\/kurs-online-tworz-wirtualne-sesej-zdjeciowe-ai-i-memy\/","title":{"rendered":"Kurs online &#8211; TW\u00d3RZ W\u0141ASNE WIRTUALNE SESJE ZDJ\u0118CIOWE AI I MEMY"},"content":{"rendered":"<p><img fetchpriority=\"high\" decoding=\"async\" class=\"alignnone wp-image-36766 size-full\" src=\"http:\/\/mark-eating.pl\/wp-content\/uploads\/2025\/10\/wirtualnesesjezdjeciowe-scaled.webp\" alt=\"\" width=\"2560\" height=\"1425\" srcset=\"https:\/\/mark-eating.pl\/wp-content\/uploads\/2025\/10\/wirtualnesesjezdjeciowe-scaled.webp 2560w, https:\/\/mark-eating.pl\/wp-content\/uploads\/2025\/10\/wirtualnesesjezdjeciowe-300x167.webp 300w, https:\/\/mark-eating.pl\/wp-content\/uploads\/2025\/10\/wirtualnesesjezdjeciowe-1024x570.webp 1024w, https:\/\/mark-eating.pl\/wp-content\/uploads\/2025\/10\/wirtualnesesjezdjeciowe-768x427.webp 768w, https:\/\/mark-eating.pl\/wp-content\/uploads\/2025\/10\/wirtualnesesjezdjeciowe-1536x855.webp 1536w, https:\/\/mark-eating.pl\/wp-content\/uploads\/2025\/10\/wirtualnesesjezdjeciowe-2048x1140.webp 2048w, https:\/\/mark-eating.pl\/wp-content\/uploads\/2025\/10\/wirtualnesesjezdjeciowe-18x10.webp 18w, https:\/\/mark-eating.pl\/wp-content\/uploads\/2025\/10\/wirtualnesesjezdjeciowe-370x206.webp 370w, https:\/\/mark-eating.pl\/wp-content\/uploads\/2025\/10\/wirtualnesesjezdjeciowe-840x467.webp 840w, https:\/\/mark-eating.pl\/wp-content\/uploads\/2025\/10\/wirtualnesesjezdjeciowe-410x228.webp 410w, https:\/\/mark-eating.pl\/wp-content\/uploads\/2025\/10\/wirtualnesesjezdjeciowe-600x334.webp 600w\" sizes=\"(max-width: 2560px) 100vw, 2560px\" \/><\/p>\n<p>&nbsp;<\/p>\n<p style=\"text-align: center;\"><strong>Zacznij zarabia\u0107 na Tworzeniu Wirtualnych Sesji Zdj\u0119ciowych i Mem\u00f3w AI, nad kt\u00f3rymi masz pe\u0142n\u0105 kontrol\u0119!\u00a0<\/strong><\/p>\n<p style=\"text-align: center;\">Tw\u00f3rz wirtualne sesje z dba\u0142o\u015bci\u0105 o ka\u017cdy szczeg\u00f3\u0142, zmieniaj pozy, okre\u015bl charakter zdj\u0119cia i jego otoczenia, zmieniaj nawet najdrobniejsze szczeg\u00f3\u0142y takie jak doklejenie rz\u0119s, w\u0142osy, pozy czy u\u0142o\u017cenie cia\u0142a.<\/p>\n<p>&nbsp;<\/p>\n<p>&nbsp;<\/p>\n<blockquote>\n<p style=\"text-align: center;\"><strong>Naturalne efekty, jakich jeszcze nie by\u0142o! Nikt nie zorientuje si\u0119, \u017ce to sztuczna inteligencja!<\/strong><\/p>\n<p>&nbsp;<\/p><\/blockquote>\n<p><img decoding=\"async\" class=\"alignnone wp-image-36764 size-full\" src=\"http:\/\/mark-eating.pl\/wp-content\/uploads\/2025\/10\/aiavatar.webp\" alt=\"tw\u00f3rz sesje ai\" width=\"2440\" height=\"854\" srcset=\"https:\/\/mark-eating.pl\/wp-content\/uploads\/2025\/10\/aiavatar.webp 2440w, https:\/\/mark-eating.pl\/wp-content\/uploads\/2025\/10\/aiavatar-300x105.webp 300w, https:\/\/mark-eating.pl\/wp-content\/uploads\/2025\/10\/aiavatar-1024x358.webp 1024w, https:\/\/mark-eating.pl\/wp-content\/uploads\/2025\/10\/aiavatar-768x269.webp 768w, https:\/\/mark-eating.pl\/wp-content\/uploads\/2025\/10\/aiavatar-1536x538.webp 1536w, https:\/\/mark-eating.pl\/wp-content\/uploads\/2025\/10\/aiavatar-2048x717.webp 2048w, https:\/\/mark-eating.pl\/wp-content\/uploads\/2025\/10\/aiavatar-18x6.webp 18w, https:\/\/mark-eating.pl\/wp-content\/uploads\/2025\/10\/aiavatar-370x130.webp 370w, https:\/\/mark-eating.pl\/wp-content\/uploads\/2025\/10\/aiavatar-840x294.webp 840w, https:\/\/mark-eating.pl\/wp-content\/uploads\/2025\/10\/aiavatar-410x144.webp 410w, https:\/\/mark-eating.pl\/wp-content\/uploads\/2025\/10\/aiavatar-600x210.webp 600w\" sizes=\"(max-width: 2440px) 100vw, 2440px\" \/><\/p>\n<p>&nbsp;<\/p>\n<p>&nbsp;<\/p>\n<p style=\"text-align: center;\">To nie jest szkolenie z aplikacji na telefon, to pe\u0142noprawne narz\u0119dzie AI, do kt\u00f3rego dostaniesz ode mnie dost\u0119p oznacza to, \u017ce nie ponosisz dodatkowych koszt\u00f3w zwi\u0105zanych z zakupem wersji premium, wszystkie efekty, kt\u00f3re uzyskamy podczas kursu online i kt\u00f3re widzisz na tej stronie uzyskujemy ca\u0142kowicie darmowymi narz\u0119dziami.<strong> Szkolenie jest dla ka\u017cdego niezale\u017cnie od stopnia zaawansowania, nie potrzeba do niego dokupowa\u0107 dodatkowych subskrypcji, dowiesz si\u0119 wszystkiego podczas zapisanego i nagranego kursu online!<\/strong><\/p>\n<p>&nbsp;<\/p>\n<p>&nbsp;<\/p>\n<p>&nbsp;<\/p>\n<blockquote><p>&nbsp;<\/p>\n<p><strong>Czego si\u0119 konkretnie nauczysz?<\/strong><\/p>\n<ul>\n<li>Jak wygenerowa\u0107 inne pozy z istniej\u0105cej ju\u017c sesji zdj\u0119ciowej<\/li>\n<li><strong>Jak wygenerowa\u0107 od podstaw sesje zdj\u0119ciow\u0105<\/strong> jedynie na podstawie zdj\u0119cia twarzy i cia\u0142a danej osoby<\/li>\n<li>Jak zmienia\u0107 najdrobniejsze nawet szczeg\u00f3\u0142y: t\u0142o, ubranie, w\u0142osy, rz\u0119sy, u\u0142o\u017cenie cia\u0142a, pozy<\/li>\n<li>Jak generowa\u0107 na zdj\u0119ciach elementy, kt\u00f3rych wcze\u015bniej tam nie by\u0142o<\/li>\n<li><strong>Jak tworzy\u0107 memy z &#8221;\u017culem&#8221;,<\/strong> rozebranym hydraulikiem, z b\u0142otem na ziemi&#8230; z czymkolwiek tylko wyobra\u017ania Ci podpowie, wszystko zale\u017cy od Twojej kreatywno\u015bci.<\/li>\n<li>Jak wygenerowa\u0107 grafik\u0119 z Twarz\u0105 danej osoby.<\/li>\n<li><strong>DODATEK:<\/strong> poka\u017c\u0119 Ci jak wygenerowa\u0107 piosenk\u0119 AI z Twoim tekstem i w wybranym stylu muzycznym (z g\u0142osem AI)<\/li>\n<\/ul>\n<\/blockquote>\n<p>&nbsp;<\/p>\n<p><img decoding=\"async\" class=\"alignnone wp-image-36765 size-full\" src=\"http:\/\/mark-eating.pl\/wp-content\/uploads\/2025\/10\/aiavatar2.webp\" alt=\"rolka ai \u017cul menel jak zrobi\u0107\" width=\"2440\" height=\"854\" srcset=\"https:\/\/mark-eating.pl\/wp-content\/uploads\/2025\/10\/aiavatar2.webp 2440w, https:\/\/mark-eating.pl\/wp-content\/uploads\/2025\/10\/aiavatar2-300x105.webp 300w, https:\/\/mark-eating.pl\/wp-content\/uploads\/2025\/10\/aiavatar2-1024x358.webp 1024w, https:\/\/mark-eating.pl\/wp-content\/uploads\/2025\/10\/aiavatar2-768x269.webp 768w, https:\/\/mark-eating.pl\/wp-content\/uploads\/2025\/10\/aiavatar2-1536x538.webp 1536w, https:\/\/mark-eating.pl\/wp-content\/uploads\/2025\/10\/aiavatar2-2048x717.webp 2048w, https:\/\/mark-eating.pl\/wp-content\/uploads\/2025\/10\/aiavatar2-18x6.webp 18w, https:\/\/mark-eating.pl\/wp-content\/uploads\/2025\/10\/aiavatar2-370x130.webp 370w, https:\/\/mark-eating.pl\/wp-content\/uploads\/2025\/10\/aiavatar2-840x294.webp 840w, https:\/\/mark-eating.pl\/wp-content\/uploads\/2025\/10\/aiavatar2-410x144.webp 410w, https:\/\/mark-eating.pl\/wp-content\/uploads\/2025\/10\/aiavatar2-600x210.webp 600w\" sizes=\"(max-width: 2440px) 100vw, 2440px\" \/><\/p>\n<p>&nbsp;<\/p>\n<p>&nbsp;<\/p>\n<p style=\"text-align: center;\"><span style=\"color: #ff99cc;\"><strong>TYLKO TERAZ: 149 z\u0142<\/strong><\/span><\/p>\n<p style=\"text-align: center;\"><strong>KURS WYSTARTOWA\u0141 &#8211; CENA ZMIENI SI\u0118 NA 249 Z\u0141<\/strong><\/p>\n<p>&nbsp;<\/p>\n<p>&nbsp;<\/p>\n<p>&nbsp;<\/p>\n<blockquote>\n<p style=\"text-align: left;\"><strong>Dla kogo jest to szkolenie?<\/strong><\/p>\n<ul style=\"text-align: center;\">\n<li style=\"text-align: left;\">Dla fotograf\u00f3w, kt\u00f3rzy nie chc\u0105 pozosta\u0107 w tyle, kt\u00f3rzy mog\u0105 zaoferowa\u0107 opr\u00f3cz sesji zdj\u0119ciowych dodatkowo wirtualne sesje zdj\u0119ciowe.<\/li>\n<li style=\"text-align: left;\">Dla content creator\u00f3w, kt\u00f3rzy chc\u0105 wyr\u00f3\u017cni\u0107 si\u0119 na rynku i oferowa\u0107 swoim klientom przy okazji swoich us\u0142ug dodatkow\u0105, w postaci generowania zdj\u0119\u0107.<\/li>\n<li style=\"text-align: left;\">Dla os\u00f3b, kt\u00f3re po prostu chc\u0105 zacz\u0105\u0107 zarabia\u0107 na oferowaniu wirtualnych sesji zdj\u0119ciowych AI<\/li>\n<li style=\"text-align: left;\">Dla os\u00f3b, kt\u00f3re chc\u0105 na w\u0142asny u\u017cytek wykorzysta\u0107 najlepsz\u0105 generatywn\u0105 sztuczn\u0105 inteligencj\u0119 jaka istnieje na rynku.<\/li>\n<\/ul>\n<\/blockquote>\n<p>&nbsp;<\/p>\n<p>&nbsp;<\/p>\n<p style=\"text-align: center;\">Oto opinie o moich szkoleniach, gwarantuje satysfakcj\u0119 oraz opiek\u0119 po kursie &#8211; b\u0119d\u0119 dla Ciebie dost\u0119pny!<\/p>\n<p style=\"text-align: center;\"><div \t\tclass=\"sc_layouts sc_layouts_default sc_layouts_36526\"\n\t\tdata-delay=\"0\"\n\t\t>\t\t<div data-elementor-type=\"cpt_layouts\" data-elementor-id=\"36526\" class=\"elementor elementor-36526\">\n\t\t\t\t\t\t<section class=\"elementor-section elementor-top-section elementor-element elementor-element-b48f82e elementor-section-boxed elementor-section-height-default elementor-section-height-default sc_fly_static\" data-id=\"b48f82e\" data-element_type=\"section\">\n\t\t\t\t\t\t<div class=\"elementor-container elementor-column-gap-extended\">\n\t\t\t\t\t<div class=\"elementor-column elementor-col-100 elementor-top-column elementor-element elementor-element-7dcb7cf sc_inner_width_none sc_content_align_inherit sc_layouts_column_icons_position_left sc_fly_static\" data-id=\"7dcb7cf\" data-element_type=\"column\">\n\t\t\t<div class=\"elementor-widget-wrap elementor-element-populated\">\n\t\t\t\t\t\t<div class=\"elementor-element elementor-element-27cd289 elementor-arrows-position-inside sc_fly_static elementor-widget elementor-widget-image-carousel\" data-id=\"27cd289\" data-element_type=\"widget\" data-settings=\"{&quot;navigation&quot;:&quot;arrows&quot;,&quot;lazyload&quot;:&quot;yes&quot;,&quot;autoplay&quot;:&quot;yes&quot;,&quot;pause_on_hover&quot;:&quot;yes&quot;,&quot;pause_on_interaction&quot;:&quot;yes&quot;,&quot;autoplay_speed&quot;:5000,&quot;infinite&quot;:&quot;yes&quot;,&quot;speed&quot;:500}\" data-widget_type=\"image-carousel.default\">\n\t\t\t\t<div class=\"elementor-widget-container\">\n\t\t\t\t\t<div class=\"elementor-image-carousel-wrapper swiper\" dir=\"ltr\">\n\t\t\t<div class=\"elementor-image-carousel swiper-wrapper\" aria-live=\"off\">\n\t\t\t\t\t\t\t\t<div class=\"swiper-slide\" role=\"group\" aria-roledescription=\"slide\" aria-label=\"1 of 14\"><figure class=\"swiper-slide-inner\"><img class=\"swiper-slide-image swiper-lazy\" data-src=\"https:\/\/mark-eating.pl\/wp-content\/uploads\/2025\/02\/o3.webp\" alt=\"o3\" \/><div class=\"swiper-lazy-preloader\"><\/div><\/figure><\/div><div class=\"swiper-slide\" role=\"group\" aria-roledescription=\"slide\" aria-label=\"2 of 14\"><figure class=\"swiper-slide-inner\"><img class=\"swiper-slide-image swiper-lazy\" data-src=\"https:\/\/mark-eating.pl\/wp-content\/uploads\/2025\/02\/o1.webp\" alt=\"o1\" \/><div class=\"swiper-lazy-preloader\"><\/div><\/figure><\/div><div class=\"swiper-slide\" role=\"group\" aria-roledescription=\"slide\" aria-label=\"3 of 14\"><figure class=\"swiper-slide-inner\"><img class=\"swiper-slide-image swiper-lazy\" data-src=\"https:\/\/mark-eating.pl\/wp-content\/uploads\/2025\/02\/o2.webp\" alt=\"o2\" \/><div class=\"swiper-lazy-preloader\"><\/div><\/figure><\/div><div class=\"swiper-slide\" role=\"group\" aria-roledescription=\"slide\" aria-label=\"4 of 14\"><figure class=\"swiper-slide-inner\"><img class=\"swiper-slide-image swiper-lazy\" data-src=\"https:\/\/mark-eating.pl\/wp-content\/uploads\/2025\/02\/o5.webp\" alt=\"o5\" \/><div class=\"swiper-lazy-preloader\"><\/div><\/figure><\/div><div class=\"swiper-slide\" role=\"group\" aria-roledescription=\"slide\" aria-label=\"5 of 14\"><figure class=\"swiper-slide-inner\"><img class=\"swiper-slide-image swiper-lazy\" data-src=\"https:\/\/mark-eating.pl\/wp-content\/uploads\/2025\/02\/o6.webp\" alt=\"o6\" \/><div class=\"swiper-lazy-preloader\"><\/div><\/figure><\/div><div class=\"swiper-slide\" role=\"group\" aria-roledescription=\"slide\" aria-label=\"6 of 14\"><figure class=\"swiper-slide-inner\"><img class=\"swiper-slide-image swiper-lazy\" data-src=\"https:\/\/mark-eating.pl\/wp-content\/uploads\/2025\/02\/o9.webp\" alt=\"opinie o szkoleniach Bartosz Bodziony\" \/><div class=\"swiper-lazy-preloader\"><\/div><\/figure><\/div><div class=\"swiper-slide\" role=\"group\" aria-roledescription=\"slide\" aria-label=\"7 of 14\"><figure class=\"swiper-slide-inner\"><img class=\"swiper-slide-image swiper-lazy\" data-src=\"https:\/\/mark-eating.pl\/wp-content\/uploads\/2025\/02\/o10.webp\" alt=\"o10\" \/><div class=\"swiper-lazy-preloader\"><\/div><\/figure><\/div><div class=\"swiper-slide\" role=\"group\" aria-roledescription=\"slide\" aria-label=\"8 of 14\"><figure class=\"swiper-slide-inner\"><img class=\"swiper-slide-image swiper-lazy\" data-src=\"https:\/\/mark-eating.pl\/wp-content\/uploads\/2025\/02\/o11.webp\" alt=\"o11\" \/><div class=\"swiper-lazy-preloader\"><\/div><\/figure><\/div><div class=\"swiper-slide\" role=\"group\" aria-roledescription=\"slide\" aria-label=\"9 of 14\"><figure class=\"swiper-slide-inner\"><img class=\"swiper-slide-image swiper-lazy\" data-src=\"https:\/\/mark-eating.pl\/wp-content\/uploads\/2025\/02\/o12.webp\" alt=\"o12\" \/><div class=\"swiper-lazy-preloader\"><\/div><\/figure><\/div><div class=\"swiper-slide\" role=\"group\" aria-roledescription=\"slide\" aria-label=\"10 of 14\"><figure class=\"swiper-slide-inner\"><img class=\"swiper-slide-image swiper-lazy\" data-src=\"https:\/\/mark-eating.pl\/wp-content\/uploads\/2025\/02\/o13.webp\" alt=\"o13\" \/><div class=\"swiper-lazy-preloader\"><\/div><\/figure><\/div><div class=\"swiper-slide\" role=\"group\" aria-roledescription=\"slide\" aria-label=\"11 of 14\"><figure class=\"swiper-slide-inner\"><img class=\"swiper-slide-image swiper-lazy\" data-src=\"https:\/\/mark-eating.pl\/wp-content\/uploads\/2025\/02\/o14.webp\" alt=\"o14\" \/><div class=\"swiper-lazy-preloader\"><\/div><\/figure><\/div><div class=\"swiper-slide\" role=\"group\" aria-roledescription=\"slide\" aria-label=\"12 of 14\"><figure class=\"swiper-slide-inner\"><img class=\"swiper-slide-image swiper-lazy\" data-src=\"https:\/\/mark-eating.pl\/wp-content\/uploads\/2025\/02\/o15.webp\" alt=\"o15\" \/><div class=\"swiper-lazy-preloader\"><\/div><\/figure><\/div><div class=\"swiper-slide\" role=\"group\" aria-roledescription=\"slide\" aria-label=\"13 of 14\"><figure class=\"swiper-slide-inner\"><img class=\"swiper-slide-image swiper-lazy\" data-src=\"https:\/\/mark-eating.pl\/wp-content\/uploads\/2025\/02\/o16.webp\" alt=\"o16\" \/><div class=\"swiper-lazy-preloader\"><\/div><\/figure><\/div><div class=\"swiper-slide\" role=\"group\" aria-roledescription=\"slide\" aria-label=\"14 of 14\"><figure class=\"swiper-slide-inner\"><img class=\"swiper-slide-image swiper-lazy\" data-src=\"https:\/\/mark-eating.pl\/wp-content\/uploads\/2025\/02\/o17.jpg\" alt=\"o17\" \/><div class=\"swiper-lazy-preloader\"><\/div><\/figure><\/div>\t\t\t<\/div>\n\t\t\t\t\t\t\t\t\t\t\t\t<div class=\"elementor-swiper-button elementor-swiper-button-prev\" role=\"button\" tabindex=\"0\">\n\t\t\t\t\t\t<i aria-hidden=\"true\" class=\"eicon-chevron-left\"><\/i>\t\t\t\t\t<\/div>\n\t\t\t\t\t<div class=\"elementor-swiper-button elementor-swiper-button-next\" role=\"button\" tabindex=\"0\">\n\t\t\t\t\t\t<i aria-hidden=\"true\" class=\"eicon-chevron-right\"><\/i>\t\t\t\t\t<\/div>\n\t\t\t\t\n\t\t\t\t\t\t\t\t\t<\/div>\n\t\t\t\t<\/div>\n\t\t\t\t<\/div>\n\t\t\t\t\t<\/div>\n\t\t<\/div>\n\t\t\t\t\t<\/div>\n\t\t<\/section>\n\t\t\t\t<\/div>\n\t\t<\/div><\/p>\n<p>&nbsp;<\/p>\n<p>&nbsp;<\/p>\n<blockquote><p><strong>Co zawiera cena 199 z\u0142?\u00a0<\/strong><\/p>\n<ul>\n<li>Dost\u0119p do nagrane kursu online, podczas kt\u00f3rego krok po kroku pokazuj\u0119 jak korzysta\u0107 z 2 narz\u0119dzi AI w celu wygenerowania najlepszych zdj\u0119\u0107.<\/li>\n<li>Nie potrzebujesz dokupowa\u0107 dodatkowych subskrypcji na narz\u0119dzia AI<\/li>\n<li>Opieka po kursie &#8211; jestem dost\u0119pny dla Ciebie na Instagramie, we wszystkim pomog\u0119.<\/li>\n<\/ul>\n<\/blockquote>\n<p>&nbsp;<\/p>\n<p><img loading=\"lazy\" decoding=\"async\" class=\"alignnone wp-image-36768 size-full\" src=\"http:\/\/mark-eating.pl\/wp-content\/uploads\/2025\/10\/bartoszbodziony.webp\" alt=\"\" width=\"2440\" height=\"854\" srcset=\"https:\/\/mark-eating.pl\/wp-content\/uploads\/2025\/10\/bartoszbodziony.webp 2440w, https:\/\/mark-eating.pl\/wp-content\/uploads\/2025\/10\/bartoszbodziony-300x105.webp 300w, https:\/\/mark-eating.pl\/wp-content\/uploads\/2025\/10\/bartoszbodziony-1024x358.webp 1024w, https:\/\/mark-eating.pl\/wp-content\/uploads\/2025\/10\/bartoszbodziony-768x269.webp 768w, https:\/\/mark-eating.pl\/wp-content\/uploads\/2025\/10\/bartoszbodziony-1536x538.webp 1536w, https:\/\/mark-eating.pl\/wp-content\/uploads\/2025\/10\/bartoszbodziony-2048x717.webp 2048w, https:\/\/mark-eating.pl\/wp-content\/uploads\/2025\/10\/bartoszbodziony-18x6.webp 18w, https:\/\/mark-eating.pl\/wp-content\/uploads\/2025\/10\/bartoszbodziony-370x130.webp 370w, https:\/\/mark-eating.pl\/wp-content\/uploads\/2025\/10\/bartoszbodziony-840x294.webp 840w, https:\/\/mark-eating.pl\/wp-content\/uploads\/2025\/10\/bartoszbodziony-410x144.webp 410w, https:\/\/mark-eating.pl\/wp-content\/uploads\/2025\/10\/bartoszbodziony-600x210.webp 600w\" sizes=\"(max-width: 2440px) 100vw, 2440px\" \/><\/p>\n<p>&nbsp;<\/p>\n<blockquote><p><strong>Co potrzebuj\u0119, \u017ceby zacz\u0105\u0107 kurs?<\/strong><\/p>\n<ul>\n<li>Dost\u0119p do komputera lub tabletu (na telefonie r\u00f3wnie\u017c si\u0119 da wykona\u0107 wszystkie elementy ale mo\u017ce by\u0107 to uci\u0105\u017cliwe)<\/li>\n<li>Czas &#8211; ok. 2 godziny na ogarni\u0119cie kursu i \u0107wiczenia<\/li>\n<li>Nie potrzebujesz do\u015bwiadczenia &#8211; naucz\u0119 ka\u017cdego! Wystarczy wykonywa\u0107 wszystko krok po kroku<\/li>\n<\/ul>\n<\/blockquote>\n<p>&nbsp;<\/p>\n<p><img loading=\"lazy\" decoding=\"async\" class=\"alignnone wp-image-36767 size-full\" src=\"http:\/\/mark-eating.pl\/wp-content\/uploads\/2025\/10\/ai.webp\" alt=\"\" width=\"2440\" height=\"854\" srcset=\"https:\/\/mark-eating.pl\/wp-content\/uploads\/2025\/10\/ai.webp 2440w, https:\/\/mark-eating.pl\/wp-content\/uploads\/2025\/10\/ai-300x105.webp 300w, https:\/\/mark-eating.pl\/wp-content\/uploads\/2025\/10\/ai-1024x358.webp 1024w, https:\/\/mark-eating.pl\/wp-content\/uploads\/2025\/10\/ai-768x269.webp 768w, https:\/\/mark-eating.pl\/wp-content\/uploads\/2025\/10\/ai-1536x538.webp 1536w, https:\/\/mark-eating.pl\/wp-content\/uploads\/2025\/10\/ai-2048x717.webp 2048w, https:\/\/mark-eating.pl\/wp-content\/uploads\/2025\/10\/ai-18x6.webp 18w, https:\/\/mark-eating.pl\/wp-content\/uploads\/2025\/10\/ai-370x130.webp 370w, https:\/\/mark-eating.pl\/wp-content\/uploads\/2025\/10\/ai-840x294.webp 840w, https:\/\/mark-eating.pl\/wp-content\/uploads\/2025\/10\/ai-410x144.webp 410w, https:\/\/mark-eating.pl\/wp-content\/uploads\/2025\/10\/ai-600x210.webp 600w\" sizes=\"(max-width: 2440px) 100vw, 2440px\" \/><\/p>\n<p>&nbsp;<\/p>\n<p>&nbsp;<\/p>\n<p>&nbsp;<\/p>\n<p style=\"text-align: center;\"><strong>Gwarantuj\u0119, \u017ce ju\u017c w dzie\u0144 uko\u0144czenia kursu b\u0119dziesz generowa\u0107 zdj\u0119cia, na kt\u00f3rych mo\u017cesz zarabia\u0107!<\/strong><\/p>\n<p>&nbsp;<\/p>\n<p style=\"text-align: center;\">To co zaczynamy?<\/p>\n<p style=\"text-align: center;\"><span style=\"color: #ff99cc;\"><strong>Cena TERAZ 149 z\u0142<\/strong><\/span><\/p>\n<p style=\"text-align: center;\"><del><strong>Cena &#8211; 249 z\u0142<\/strong><\/del><\/p>\n<p style=\"text-align: center;\">Najni\u017csza cena z ostatnich 30 dni: 149 z\u0142<\/p>\n<p>&nbsp;<\/p>\n<p style=\"text-align: center;\">","protected":false},"excerpt":{"rendered":"<p>To kurs online, kt\u00f3ry nauczy Ci\u0119 tworzy\u0107 wirtualne sesje zdj\u0119ciowe i memy z wykorzystaniem sztucznej inteligencji \u2013 bez potrzeby kupowania p\u0142atnych narz\u0119dzi. Sprawd\u017a szczeg\u00f3\u0142y.<\/p>\n<p>Kurs w formie nagra\u0144 online sprzedawany i przeprowadzany jest przez firm\u0119 Markeating Bartosz Bodziony<\/p>","protected":false},"featured_media":36769,"template":"","meta":[],"product_cat":[368],"product_tag":[],"class_list":{"0":"post-36756","1":"product","2":"type-product","3":"status-publish","4":"has-post-thumbnail","6":"product_cat-szkolenia-online","8":"first","9":"instock","10":"sale","11":"virtual","12":"purchasable","13":"product-type-simple"},"_links":{"self":[{"href":"https:\/\/mark-eating.pl\/en\/wp-json\/wp\/v2\/product\/36756","targetHints":{"allow":["GET"]}}],"collection":[{"href":"https:\/\/mark-eating.pl\/en\/wp-json\/wp\/v2\/product"}],"about":[{"href":"https:\/\/mark-eating.pl\/en\/wp-json\/wp\/v2\/types\/product"}],"wp:featuredmedia":[{"embeddable":true,"href":"https:\/\/mark-eating.pl\/en\/wp-json\/wp\/v2\/media\/36769"}],"wp:attachment":[{"href":"https:\/\/mark-eating.pl\/en\/wp-json\/wp\/v2\/media?parent=36756"}],"wp:term":[{"taxonomy":"product_cat","embeddable":true,"href":"https:\/\/mark-eating.pl\/en\/wp-json\/wp\/v2\/product_cat?post=36756"},{"taxonomy":"product_tag","embeddable":true,"href":"https:\/\/mark-eating.pl\/en\/wp-json\/wp\/v2\/product_tag?post=36756"}],"curies":[{"name":"wp","href":"https:\/\/api.w.org\/{rel}","templated":true}]}}