{"id":36701,"date":"2025-07-24T21:39:03","date_gmt":"2025-07-24T19:39:03","guid":{"rendered":"https:\/\/mark-eating.pl\/?post_type=product&#038;p=36701"},"modified":"2025-08-07T16:07:49","modified_gmt":"2025-08-07T14:07:49","slug":"bartosz-bodziony-wygladasz-jak-moj-cel","status":"publish","type":"product","link":"https:\/\/mark-eating.pl\/en\/product\/bartosz-bodziony-wygladasz-jak-moj-cel\/","title":{"rendered":"Bartosz Bodziony &#8211; Wygl\u0105dasz jak m\u00f3j cel"},"content":{"rendered":"<p><strong>Notatka prasowa:<\/strong><\/p>\n<p>Nazywam si\u0119 Bartosz Bodziony mieszkam w Katowicach. Na co dzie\u0144, kiedy \u015bwiat zmusza mnie do wyra\u017cania siebie w inny spos\u00f3b ni\u017c muzycznie, pracuj\u0119 w bran\u017cy marketingowej. Podr\u00f3\u017cuj\u0119 i zdarza mi si\u0119 mieszka\u0107 w krajach azjatyckich (Tajlandia, Wietnam, Indonezja), &#8221;prze\u017cy\u0142em&#8221; tak\u017ce solo podr\u00f3\u017c po Indiach. Swoje podr\u00f3\u017ce nagrywam na kanale YouTube. Kontekst podr\u00f3\u017cy w mojej Tw\u00f3rczo\u015bci zawsze b\u0119dzie odgrywa\u0142 wa\u017cn\u0105 rol\u0119.<span class=\"Apple-converted-space\">\u00a0<\/span><\/p>\n<p>&#8221;Wygl\u0105dasz jak m\u00f3j cel&#8221; bo chcia\u0142em stworzy\u0107 utw\u00f3r, kt\u00f3ry opowiada o mi\u0142o\u015bci jako najbardziej ekscytuj\u0105cej podr\u00f3\u017cy. Wplatam wszystkie wa\u017cne dla mnie elementy, nawet Magd\u0119 Gessler i zabieram Was w podr\u00f3\u017c po letnich d\u017awi\u0119kach z (mam nadziej\u0119) niebanalnym tekstem.<span class=\"Apple-converted-space\">\u00a0<\/span><\/p>\n<p>&nbsp;<\/p>\n<p><a href=\"http:\/\/mark-eating.pl\/wp-content\/uploads\/2025\/08\/Bartosz-Bodziony-Wygladasz-jak-moj-cel.wav\" download=\"\">Pobierz piosenk\u0119 w wersji .wav<\/a><\/p>\n<p>&nbsp;<\/p>\n<p><strong>O czym jest m\u00f3j teledysk?<\/strong><\/p>\n<p>To kilka symboli, kt\u00f3re uzupe\u0142niaj\u0105 my\u015bl przewodni\u0105 mojego utworu. Widzimy tu symbolicznie posta\u0107, kt\u00f3ra wyczerpana mi\u0142o\u015bci\u0105, odnajduje si\u0142\u0119 aby si\u0119 otrzepa\u0107 i stan\u0105\u0107 na nogi, odnajduje kolejnego &#8221;dawc\u0119 mi\u0142o\u015bci&#8221; tylko po to, aby ostatecznie po raz kolejny wyl\u0105dowa\u0107 w zamkni\u0119tym kole mi\u0142o\u015bci, dlatego teledysk ko\u0144czy si\u0119 tak samo jak si\u0119 zacz\u0105\u0142. I tak w k\u00f3\u0142ko. Mam nadziej\u0119, \u017ce nie tym razem, bo utw\u00f3r &#8221;Wygl\u0105dasz jak m\u00f3j cel&#8221; to dedykacja dla realnej osoby.<span class=\"Apple-converted-space\">\u00a0<\/span><\/p>\n<p>&nbsp;<\/p>\n<p><strong>O czym mo\u017cemy porozmawia\u0107 w mediach?<\/strong><\/p>\n<p>B\u0119d\u0119 ogromnie zobowi\u0105zany i wdzi\u0119czny za udost\u0119pnienie mojej muzyki szerszej widowni. Je\u017celi tak si\u0119 stanie koniecznie poinformuj mnie o tym ch\u0119tnie wspomn\u0119 o tym w moich social mediach. Je\u017celi chcia\u0142aby\u015b \/ chcia\u0142by\u015b ze mn\u0105 porozmawia\u0107 na antenie na tematy podr\u00f3\u017cnicze w kontek\u015bcie r\u00f3wnie\u017c mojej piosenki r\u00f3wnie\u017c jestem zwarty i gotowy! Przylec\u0119 na moich skrzyd\u0142ach :)<\/p>\n<ul>\n<li>Mo\u017cemy porozmawia\u0107 o podr\u00f3\u017cy i mieszkaniu w Azji i solo podr\u00f3\u017cach np. po Indiach<\/li>\n<li>O plusach i minusach pracy freelancera w podr\u00f3\u017cy<\/li>\n<\/ul>\n<p><strong><em>Kontakt: wspolpraca@mark-eating.pl | +48793702181<\/em><\/strong><\/p>\n<p>&nbsp;<\/p>\n<p><iframe title=\"Bartosz Bodziony - Wygl\u0105dasz jak m\u00f3j cel\" width=\"1290\" height=\"726\" src=\"https:\/\/www.youtube.com\/embed\/jKY34qwQFa8?feature=oembed\" frameborder=\"0\" allow=\"accelerometer; autoplay; clipboard-write; encrypted-media; gyroscope; picture-in-picture; web-share\" referrerpolicy=\"strict-origin-when-cross-origin\" allowfullscreen><\/iframe><\/p>\n<p>&nbsp;<\/p>\n<p><strong>Bartosz Bodziony<\/strong> &#8211; w\u0142a\u015bciciel mikro agencji marketingowej, grafik, fotograf, tw\u00f3rca stron internetowych i reklam online. Trener marketingu, szkoleniowiec. Podr\u00f3\u017cnik, cz\u0119sto solo. Przez kilka miesi\u0119cy mieszka\u0142 w krajach azjatyckich takich jak Tajlandia, Wietnam, Indonezja, Malezja, Indie. Swoimi podr\u00f3\u017cami dzieli si\u0119 na swoim kanale na YouTube.<\/p>\n<p>&nbsp;<\/p>\n<p><iframe title=\"ZOSTA\u0141EM KIEROWC\u0104 TUK TUKA - SRI LANKA #1 \ud83d\udefa\" width=\"1290\" height=\"726\" src=\"https:\/\/www.youtube.com\/embed\/sR72v348poY?start=6&#038;feature=oembed\" frameborder=\"0\" allow=\"accelerometer; autoplay; clipboard-write; encrypted-media; gyroscope; picture-in-picture; web-share\" referrerpolicy=\"strict-origin-when-cross-origin\" allowfullscreen><\/iframe><\/p>","protected":false},"excerpt":{"rendered":"<p>Cze\u015b\u0107, ciesze si\u0119, \u017ce uda\u0142o si\u0119 mi Ciebie zaprosi\u0107 na moj\u0105 stron\u0119 internetow\u0105 i do przes\u0142uchania mojej piosenki.<\/p>\n<p>&nbsp;<\/p>\n<p><strong>&#8221;Wygl\u0105dasz jak m\u00f3j cel&#8221;, bo:<\/strong><\/p>\n<p>\ud83d\udca3 bo mi\u0142o\u015b\u0107 to najbardziej wymagaj\u0105ca podr\u00f3\u017c, w kt\u00f3rej nieustannie trzeba korygowa\u0107 kierunek i uzgadnia\u0107\u00a0cel,<\/p>\n<p>\ud83d\udca3 bo ceni\u0119 sobie w drugiej osobie to, \u017ce nie jest atrakcj\u0105 turystyczn\u0105,<\/p>\n<p>\ud83d\udca3 &#8221;wygl\u0105dasz&#8221; jak m\u00f3j cel, bo jestem zbyt \u015bwiadomy, \u017ceby m\u00f3wi\u0107 to w formie &#8221;jeste\u015b moim celem&#8221;<\/p>\n<p>&nbsp;<\/p>\n<p>Oto utw\u00f3r, jego teledysk, notatka prasowa i zdj\u0119cia!<\/p>","protected":false},"featured_media":36702,"template":"","meta":[],"product_cat":[378],"product_tag":[],"class_list":{"0":"post-36701","1":"product","2":"type-product","3":"status-publish","4":"has-post-thumbnail","6":"product_cat-muzyka","8":"first","9":"instock","10":"downloadable","11":"virtual","12":"product-type-simple"},"_links":{"self":[{"href":"https:\/\/mark-eating.pl\/en\/wp-json\/wp\/v2\/product\/36701","targetHints":{"allow":["GET"]}}],"collection":[{"href":"https:\/\/mark-eating.pl\/en\/wp-json\/wp\/v2\/product"}],"about":[{"href":"https:\/\/mark-eating.pl\/en\/wp-json\/wp\/v2\/types\/product"}],"wp:featuredmedia":[{"embeddable":true,"href":"https:\/\/mark-eating.pl\/en\/wp-json\/wp\/v2\/media\/36702"}],"wp:attachment":[{"href":"https:\/\/mark-eating.pl\/en\/wp-json\/wp\/v2\/media?parent=36701"}],"wp:term":[{"taxonomy":"product_cat","embeddable":true,"href":"https:\/\/mark-eating.pl\/en\/wp-json\/wp\/v2\/product_cat?post=36701"},{"taxonomy":"product_tag","embeddable":true,"href":"https:\/\/mark-eating.pl\/en\/wp-json\/wp\/v2\/product_tag?post=36701"}],"curies":[{"name":"wp","href":"https:\/\/api.w.org\/{rel}","templated":true}]}}