{"id":36612,"date":"2025-03-27T15:38:24","date_gmt":"2025-03-27T14:38:24","guid":{"rendered":"https:\/\/mark-eating.pl\/?post_type=product&#038;p=36612"},"modified":"2026-05-04T20:11:27","modified_gmt":"2026-05-04T18:11:27","slug":"wizerunkowa-sesja-zdjeciowa","status":"publish","type":"product","link":"https:\/\/mark-eating.pl\/en\/product\/wizerunkowa-sesja-zdjeciowa\/","title":{"rendered":"Sesja zdj\u0119ciowa"},"content":{"rendered":"<p data-start=\"72\" data-end=\"308\"><b>Zr\u00f3bmy razem Twoj\u0105 wymarzon\u0105 sesje zdj\u0119ciow\u0105!<\/b><\/p>\n<p data-start=\"72\" data-end=\"308\">\u2705 Wybierz &#8211; termin i godzin\u0119<\/p>\n<p data-start=\"72\" data-end=\"308\">\u2705 Sesja potrwa 2 godziny (studio w cenie!)<\/p>\n<p data-start=\"72\" data-end=\"308\">\u2705 Wykonujemy bardzo du\u017c\u0105 ilo\u015b\u0107 zdj\u0119\u0107, z czego wybieramy a\u017c 25, kt\u00f3re zostan\u0105 zretuszowane i poddane obr\u00f3bce kolorystycznej.<\/p>\n<p data-start=\"72\" data-end=\"308\">Potrzebujesz od\u015bwie\u017cenia swojego wizerunku w social mediach lub swojej stronie internetowej? Zr\u00f3bmy razem Twoj\u0105 wizerunkow\u0105, biznesow\u0105 sesj\u0119 zdj\u0119ciow\u0105 w profesjonalnym studio fotograficznym w Katowicach. Niech to b\u0119dzie nowe otwarcie dla Twojego biznesu! Profesjonalne zdj\u0119cia nie tylko pozycjonuj\u0105 Ci\u0119 jako eksperta ale tak\u017ce wp\u0142ywaj\u0105 na wycen\u0119 Twoich us\u0142ug w bardzo prosty spos\u00f3b &#8211; wygl\u0105dasz profesjonalnie = mo\u017cesz si\u0119 dro\u017cej wyceni\u0107.<\/p>\n<p class=\"\" data-start=\"310\" data-end=\"377\"><strong>\ud83d\udcf8 Oferujemy biznesow\u0105 sesj\u0119 zdj\u0119ciow\u0105 \u00a0\u2013 idealne rozwi\u0105zanie dla makija\u017cystek, stylistek brwi, rz\u0119s, fryzjerek, kosmetolog\u00f3w oraz w\u0142a\u015bcicieli salon\u00f3w, dla ka\u017cdego!<\/strong><\/p>\n<p class=\"\" data-start=\"666\" data-end=\"1260\">\u2705 <strong data-start=\"668\" data-end=\"701\">Sesja w profesjonalnym studio w Katowicach<\/strong>\u00a0\u2013 nowoczesne wn\u0119trze, idealnie dobrane o\u015bwietlenie, kt\u00f3re wyg\u0142adzi wszystko to co ma wyg\u0142adzi\u0107 i sprz\u0119t gwarantuj\u0105 zdj\u0119cia na najwy\u017cszym poziomie.<br data-start=\"799\" data-end=\"802\" \/>\u2705 <strong data-start=\"804\" data-end=\"839\">Styl dopasowany do Twojej marki<\/strong> \u2013 elegancki, naturalny lub kreatywny \u2013 dopasujemy uj\u0119cia do Twojej estetyki. Niczym nie musisz si\u0119 przejmowa\u0107, wszystko ustalimy przed zdj\u0119ciami, wybierzemy pozy, kt\u00f3re odtworzymy, ca\u0142kowicie bez stresu!\u00a0<br data-start=\"916\" data-end=\"919\" \/>\u2705 <strong>Profesjonalny retusz<\/strong> \u2013 idealny retusz to taki, kt\u00f3rego nie wida\u0107, a zdj\u0119cia robi\u0105 efekt &#8221;wow, jak ona wygl\u0105da!&#8221; Naturalne poprawki, kt\u00f3re podkre\u015bl\u0105 Twoj\u0105 urod\u0119 i profesjonalizm.<\/p>\n<p data-start=\"666\" data-end=\"1260\"><img fetchpriority=\"high\" decoding=\"async\" class=\"alignnone wp-image-36623 size-full\" src=\"https:\/\/mark-eating.pl\/wp-content\/uploads\/2025\/03\/sesja_zdjeciowa_katowice.webp\" alt=\"sesja wizerunkowa beauty Katowice\" width=\"2544\" height=\"1300\" srcset=\"https:\/\/mark-eating.pl\/wp-content\/uploads\/2025\/03\/sesja_zdjeciowa_katowice.webp 2544w, https:\/\/mark-eating.pl\/wp-content\/uploads\/2025\/03\/sesja_zdjeciowa_katowice-300x153.webp 300w, https:\/\/mark-eating.pl\/wp-content\/uploads\/2025\/03\/sesja_zdjeciowa_katowice-1024x523.webp 1024w, https:\/\/mark-eating.pl\/wp-content\/uploads\/2025\/03\/sesja_zdjeciowa_katowice-768x392.webp 768w, https:\/\/mark-eating.pl\/wp-content\/uploads\/2025\/03\/sesja_zdjeciowa_katowice-1536x785.webp 1536w, https:\/\/mark-eating.pl\/wp-content\/uploads\/2025\/03\/sesja_zdjeciowa_katowice-2048x1047.webp 2048w, https:\/\/mark-eating.pl\/wp-content\/uploads\/2025\/03\/sesja_zdjeciowa_katowice-18x9.webp 18w, https:\/\/mark-eating.pl\/wp-content\/uploads\/2025\/03\/sesja_zdjeciowa_katowice-370x189.webp 370w, https:\/\/mark-eating.pl\/wp-content\/uploads\/2025\/03\/sesja_zdjeciowa_katowice-840x429.webp 840w, https:\/\/mark-eating.pl\/wp-content\/uploads\/2025\/03\/sesja_zdjeciowa_katowice-410x210.webp 410w, https:\/\/mark-eating.pl\/wp-content\/uploads\/2025\/03\/sesja_zdjeciowa_katowice-600x307.webp 600w\" sizes=\"(max-width: 2544px) 100vw, 2544px\" \/><\/p>\n<p class=\"\" data-start=\"1262\" data-end=\"1441\"><strong data-start=\"1262\" data-end=\"1278\">Dla kogo?<\/strong><br data-start=\"1278\" data-end=\"1281\" \/>\ud83d\udccc Makija\u017cystki, linergistki<br data-start=\"1309\" data-end=\"1312\" \/>\ud83d\udccc Stylistki brwi, rz\u0119s, paznokci<br data-start=\"1345\" data-end=\"1348\" \/>\ud83d\udccc W\u0142a\u015bciciele salon\u00f3w beauty<br data-start=\"1377\" data-end=\"1380\" \/>\ud83d\udccc Kosmetolodzy, fryzjerzy<br data-start=\"1406\" data-end=\"1409\" \/>\ud83d\udccc Dla ka\u017cdego!<\/p>\n<p class=\"\" data-start=\"1262\" data-end=\"1441\"><img decoding=\"async\" class=\"alignnone wp-image-36652 size-full\" style=\"font-family: inherit; font-style: inherit; letter-spacing: 0px;\" src=\"http:\/\/mark-eating.pl\/wp-content\/uploads\/2025\/03\/sesja.webp\" alt=\"sesja kobieca Katowice biznesowa\" width=\"2544\" height=\"1300\" srcset=\"https:\/\/mark-eating.pl\/wp-content\/uploads\/2025\/03\/sesja.webp 2544w, https:\/\/mark-eating.pl\/wp-content\/uploads\/2025\/03\/sesja-300x153.webp 300w, https:\/\/mark-eating.pl\/wp-content\/uploads\/2025\/03\/sesja-1024x523.webp 1024w, https:\/\/mark-eating.pl\/wp-content\/uploads\/2025\/03\/sesja-768x392.webp 768w, https:\/\/mark-eating.pl\/wp-content\/uploads\/2025\/03\/sesja-1536x785.webp 1536w, https:\/\/mark-eating.pl\/wp-content\/uploads\/2025\/03\/sesja-2048x1047.webp 2048w, https:\/\/mark-eating.pl\/wp-content\/uploads\/2025\/03\/sesja-18x9.webp 18w, https:\/\/mark-eating.pl\/wp-content\/uploads\/2025\/03\/sesja-370x189.webp 370w, https:\/\/mark-eating.pl\/wp-content\/uploads\/2025\/03\/sesja-840x429.webp 840w, https:\/\/mark-eating.pl\/wp-content\/uploads\/2025\/03\/sesja-410x210.webp 410w, https:\/\/mark-eating.pl\/wp-content\/uploads\/2025\/03\/sesja-600x307.webp 600w\" sizes=\"(max-width: 2544px) 100vw, 2544px\" \/><\/p>\n<p class=\"\" data-start=\"1443\" data-end=\"1546\"><strong>Co zawiera pakiet? <\/strong><\/p>\n<p class=\"\" data-start=\"1443\" data-end=\"1546\">\ud83d\udcf7 A\u017c 25 profesjonalnych zdj\u0119\u0107 z obr\u00f3bk\u0105, retuszem i korekcj\u0105 kolor\u00f3w<br data-start=\"1492\" data-end=\"1495\" \/>\ud83d\udcf7 Sesja w wynaj\u0119tym studio (Studio w cenie! U mojej konkurencji sama\/sam musisz zap\u0142aci\u0107 za studio)<\/p>\n<p data-start=\"1443\" data-end=\"1546\"><img decoding=\"async\" class=\"alignnone wp-image-36462 size-full\" src=\"https:\/\/mark-eating.pl\/wp-content\/uploads\/2025\/01\/m.webp\" alt=\"\" width=\"1920\" height=\"1050\" srcset=\"https:\/\/mark-eating.pl\/wp-content\/uploads\/2025\/01\/m.webp 1920w, https:\/\/mark-eating.pl\/wp-content\/uploads\/2025\/01\/m-300x164.webp 300w, https:\/\/mark-eating.pl\/wp-content\/uploads\/2025\/01\/m-1024x560.webp 1024w, https:\/\/mark-eating.pl\/wp-content\/uploads\/2025\/01\/m-768x420.webp 768w, https:\/\/mark-eating.pl\/wp-content\/uploads\/2025\/01\/m-1536x840.webp 1536w, https:\/\/mark-eating.pl\/wp-content\/uploads\/2025\/01\/m-18x10.webp 18w, https:\/\/mark-eating.pl\/wp-content\/uploads\/2025\/01\/m-370x202.webp 370w, https:\/\/mark-eating.pl\/wp-content\/uploads\/2025\/01\/m-840x459.webp 840w, https:\/\/mark-eating.pl\/wp-content\/uploads\/2025\/01\/m-410x224.webp 410w, https:\/\/mark-eating.pl\/wp-content\/uploads\/2025\/01\/m-600x328.webp 600w\" sizes=\"(max-width: 1920px) 100vw, 1920px\" \/><\/p>\n<p data-start=\"1548\" data-end=\"1644\">","protected":false},"excerpt":{"rendered":"<p>Profesjonalna wizerunkowa sesja zdj\u0119ciowa w Katowicach to idealny spos\u00f3b na budowanie autorytetu i przyci\u0105ganie klient\u00f3w. Zdj\u0119cia wykonane w wynaj\u0119tym studio lub w Twojej firmie doskonale sprawdz\u0105 si\u0119 na stron\u0119 internetow\u0105, social media i materia\u0142y reklamowe.<\/p>","protected":false},"featured_media":36816,"template":"","meta":[],"product_cat":[377],"product_tag":[],"class_list":{"0":"post-36612","1":"product","2":"type-product","3":"status-publish","4":"has-post-thumbnail","6":"product_cat-fotografia","8":"first","9":"instock","10":"virtual","11":"sold-individually","12":"purchasable","13":"product-type-simple"},"_links":{"self":[{"href":"https:\/\/mark-eating.pl\/en\/wp-json\/wp\/v2\/product\/36612","targetHints":{"allow":["GET"]}}],"collection":[{"href":"https:\/\/mark-eating.pl\/en\/wp-json\/wp\/v2\/product"}],"about":[{"href":"https:\/\/mark-eating.pl\/en\/wp-json\/wp\/v2\/types\/product"}],"wp:featuredmedia":[{"embeddable":true,"href":"https:\/\/mark-eating.pl\/en\/wp-json\/wp\/v2\/media\/36816"}],"wp:attachment":[{"href":"https:\/\/mark-eating.pl\/en\/wp-json\/wp\/v2\/media?parent=36612"}],"wp:term":[{"taxonomy":"product_cat","embeddable":true,"href":"https:\/\/mark-eating.pl\/en\/wp-json\/wp\/v2\/product_cat?post=36612"},{"taxonomy":"product_tag","embeddable":true,"href":"https:\/\/mark-eating.pl\/en\/wp-json\/wp\/v2\/product_tag?post=36612"}],"curies":[{"name":"wp","href":"https:\/\/api.w.org\/{rel}","templated":true}]}}