{"id":36520,"date":"2025-02-05T16:43:14","date_gmt":"2025-02-05T15:43:14","guid":{"rendered":"https:\/\/mark-eating.pl\/?post_type=product&#038;p=36520"},"modified":"2025-02-05T19:21:19","modified_gmt":"2025-02-05T18:21:19","slug":"szkolenie-photoshop-od-podstaw","status":"publish","type":"product","link":"https:\/\/mark-eating.pl\/en\/product\/szkolenie-photoshop-od-podstaw\/","title":{"rendered":"Szkolenie Photoshop od Podstaw"},"content":{"rendered":"<p>Chcesz tworzy\u0107 estetyczne grafiki, retuszowa\u0107 zdj\u0119cia, tworzy\u0107 ulotki, karty menu i wizyt\u00f3wki na najwy\u017cszym poziomie? <strong>Szkolenie Photoshop od Podstaw<\/strong> to intensywny kurs, kt\u00f3ry wprowadzi Ci\u0119 w \u015bwiat profesjonalnej grafiki \u2013 bez zb\u0119dnej teorii, za to z praktycznymi umiej\u0119tno\u015bciami, kt\u00f3re od razu wykorzystasz w swojej pracy!<\/p>\n<p>&nbsp;<\/p>\n<p><strong>Dla kogo?<\/strong><\/p>\n<ul>\n<li>Tw\u00f3rc\u00f3w contentu i os\u00f3b prowadz\u0105cych social media<\/li>\n<li>Przedsi\u0119biorc\u00f3w i freelancer\u00f3w chc\u0105cych tworzy\u0107 materia\u0142y marketingowe i zarabia\u0107 na nich<\/li>\n<\/ul>\n<p>&nbsp;<\/p>\n<p><strong>Czego si\u0119 nauczysz?<\/strong><\/p>\n<p>\u2705 Retuszu zdj\u0119\u0107 i usuwania niedoskona\u0142o\u015bci<br \/>\n\u2705 Tworzenia grafik reklamowych, baner\u00f3w, cennik\u00f3w<br \/>\n\u2705 Obr\u00f3bki kolorystycznej, \u015bwiat\u0142a i cieni<br \/>\n\u2705 Pracy na warstwach i efektach specjalnych<\/p>\n<p><strong>&#8211; Podstaw pracy w Photoshopie<\/strong> \u2013 narz\u0119dzia, warstwy, maski, skr\u00f3ty klawiszowe<br \/>\n<strong>&#8211; Retusz zdj\u0119\u0107 beauty<\/strong> \u2013 wyg\u0142adzanie sk\u00f3ry, usuwanie niedoskona\u0142o\u015bci, poprawa \u015bwiat\u0142a i cieni<br \/>\n<strong>&#8211; Tworzenie materia\u0142\u00f3w marketingowych<\/strong> \u2013 cenniki, grafiki reklamowe, posty do social media<br \/>\n&#8211; <strong>Zaawansowana edycja kolorystyczna<\/strong> \u2013 jak nadawa\u0107 zdj\u0119ciom profesjonalny i sp\u00f3jny wygl\u0105d, presety<br \/>\n&#8211; <strong>Triki i skr\u00f3ty, kt\u00f3re przyspiesz\u0105 Twoj\u0105 prac\u0119<\/strong><\/p>\n<p>&nbsp;<\/p>\n<div \t\tclass=\"sc_layouts sc_layouts_default sc_layouts_36526\"\n\t\tdata-delay=\"0\"\n\t\t>\t\t<div data-elementor-type=\"cpt_layouts\" data-elementor-id=\"36526\" class=\"elementor elementor-36526\">\n\t\t\t\t\t\t<section class=\"elementor-section elementor-top-section elementor-element elementor-element-b48f82e elementor-section-boxed elementor-section-height-default elementor-section-height-default sc_fly_static\" data-id=\"b48f82e\" data-element_type=\"section\">\n\t\t\t\t\t\t<div class=\"elementor-container elementor-column-gap-extended\">\n\t\t\t\t\t<div class=\"elementor-column elementor-col-100 elementor-top-column elementor-element elementor-element-7dcb7cf sc_inner_width_none sc_content_align_inherit sc_layouts_column_icons_position_left sc_fly_static\" data-id=\"7dcb7cf\" data-element_type=\"column\">\n\t\t\t<div class=\"elementor-widget-wrap elementor-element-populated\">\n\t\t\t\t\t\t<div class=\"elementor-element elementor-element-27cd289 elementor-arrows-position-inside sc_fly_static elementor-widget elementor-widget-image-carousel\" data-id=\"27cd289\" data-element_type=\"widget\" data-settings=\"{&quot;navigation&quot;:&quot;arrows&quot;,&quot;lazyload&quot;:&quot;yes&quot;,&quot;autoplay&quot;:&quot;yes&quot;,&quot;pause_on_hover&quot;:&quot;yes&quot;,&quot;pause_on_interaction&quot;:&quot;yes&quot;,&quot;autoplay_speed&quot;:5000,&quot;infinite&quot;:&quot;yes&quot;,&quot;speed&quot;:500}\" data-widget_type=\"image-carousel.default\">\n\t\t\t\t<div class=\"elementor-widget-container\">\n\t\t\t\t\t<div class=\"elementor-image-carousel-wrapper swiper\" dir=\"ltr\">\n\t\t\t<div class=\"elementor-image-carousel swiper-wrapper\" aria-live=\"off\">\n\t\t\t\t\t\t\t\t<div class=\"swiper-slide\" role=\"group\" aria-roledescription=\"slide\" aria-label=\"1 of 14\"><figure class=\"swiper-slide-inner\"><img class=\"swiper-slide-image swiper-lazy\" data-src=\"https:\/\/mark-eating.pl\/wp-content\/uploads\/2025\/02\/o3.webp\" alt=\"o3\" \/><div class=\"swiper-lazy-preloader\"><\/div><\/figure><\/div><div class=\"swiper-slide\" role=\"group\" aria-roledescription=\"slide\" aria-label=\"2 of 14\"><figure class=\"swiper-slide-inner\"><img class=\"swiper-slide-image swiper-lazy\" data-src=\"https:\/\/mark-eating.pl\/wp-content\/uploads\/2025\/02\/o1.webp\" alt=\"o1\" \/><div class=\"swiper-lazy-preloader\"><\/div><\/figure><\/div><div class=\"swiper-slide\" role=\"group\" aria-roledescription=\"slide\" aria-label=\"3 of 14\"><figure class=\"swiper-slide-inner\"><img class=\"swiper-slide-image swiper-lazy\" data-src=\"https:\/\/mark-eating.pl\/wp-content\/uploads\/2025\/02\/o2.webp\" alt=\"o2\" \/><div class=\"swiper-lazy-preloader\"><\/div><\/figure><\/div><div class=\"swiper-slide\" role=\"group\" aria-roledescription=\"slide\" aria-label=\"4 of 14\"><figure class=\"swiper-slide-inner\"><img class=\"swiper-slide-image swiper-lazy\" data-src=\"https:\/\/mark-eating.pl\/wp-content\/uploads\/2025\/02\/o5.webp\" alt=\"o5\" \/><div class=\"swiper-lazy-preloader\"><\/div><\/figure><\/div><div class=\"swiper-slide\" role=\"group\" aria-roledescription=\"slide\" aria-label=\"5 of 14\"><figure class=\"swiper-slide-inner\"><img class=\"swiper-slide-image swiper-lazy\" data-src=\"https:\/\/mark-eating.pl\/wp-content\/uploads\/2025\/02\/o6.webp\" alt=\"o6\" \/><div class=\"swiper-lazy-preloader\"><\/div><\/figure><\/div><div class=\"swiper-slide\" role=\"group\" aria-roledescription=\"slide\" aria-label=\"6 of 14\"><figure class=\"swiper-slide-inner\"><img class=\"swiper-slide-image swiper-lazy\" data-src=\"https:\/\/mark-eating.pl\/wp-content\/uploads\/2025\/02\/o9.webp\" alt=\"opinie o szkoleniach Bartosz Bodziony\" \/><div class=\"swiper-lazy-preloader\"><\/div><\/figure><\/div><div class=\"swiper-slide\" role=\"group\" aria-roledescription=\"slide\" aria-label=\"7 of 14\"><figure class=\"swiper-slide-inner\"><img class=\"swiper-slide-image swiper-lazy\" data-src=\"https:\/\/mark-eating.pl\/wp-content\/uploads\/2025\/02\/o10.webp\" alt=\"o10\" \/><div class=\"swiper-lazy-preloader\"><\/div><\/figure><\/div><div class=\"swiper-slide\" role=\"group\" aria-roledescription=\"slide\" aria-label=\"8 of 14\"><figure class=\"swiper-slide-inner\"><img class=\"swiper-slide-image swiper-lazy\" data-src=\"https:\/\/mark-eating.pl\/wp-content\/uploads\/2025\/02\/o11.webp\" alt=\"o11\" \/><div class=\"swiper-lazy-preloader\"><\/div><\/figure><\/div><div class=\"swiper-slide\" role=\"group\" aria-roledescription=\"slide\" aria-label=\"9 of 14\"><figure class=\"swiper-slide-inner\"><img class=\"swiper-slide-image swiper-lazy\" data-src=\"https:\/\/mark-eating.pl\/wp-content\/uploads\/2025\/02\/o12.webp\" alt=\"o12\" \/><div class=\"swiper-lazy-preloader\"><\/div><\/figure><\/div><div class=\"swiper-slide\" role=\"group\" aria-roledescription=\"slide\" aria-label=\"10 of 14\"><figure class=\"swiper-slide-inner\"><img class=\"swiper-slide-image swiper-lazy\" data-src=\"https:\/\/mark-eating.pl\/wp-content\/uploads\/2025\/02\/o13.webp\" alt=\"o13\" \/><div class=\"swiper-lazy-preloader\"><\/div><\/figure><\/div><div class=\"swiper-slide\" role=\"group\" aria-roledescription=\"slide\" aria-label=\"11 of 14\"><figure class=\"swiper-slide-inner\"><img class=\"swiper-slide-image swiper-lazy\" data-src=\"https:\/\/mark-eating.pl\/wp-content\/uploads\/2025\/02\/o14.webp\" alt=\"o14\" \/><div class=\"swiper-lazy-preloader\"><\/div><\/figure><\/div><div class=\"swiper-slide\" role=\"group\" aria-roledescription=\"slide\" aria-label=\"12 of 14\"><figure class=\"swiper-slide-inner\"><img class=\"swiper-slide-image swiper-lazy\" data-src=\"https:\/\/mark-eating.pl\/wp-content\/uploads\/2025\/02\/o15.webp\" alt=\"o15\" \/><div class=\"swiper-lazy-preloader\"><\/div><\/figure><\/div><div class=\"swiper-slide\" role=\"group\" aria-roledescription=\"slide\" aria-label=\"13 of 14\"><figure class=\"swiper-slide-inner\"><img class=\"swiper-slide-image swiper-lazy\" data-src=\"https:\/\/mark-eating.pl\/wp-content\/uploads\/2025\/02\/o16.webp\" alt=\"o16\" \/><div class=\"swiper-lazy-preloader\"><\/div><\/figure><\/div><div class=\"swiper-slide\" role=\"group\" aria-roledescription=\"slide\" aria-label=\"14 of 14\"><figure class=\"swiper-slide-inner\"><img class=\"swiper-slide-image swiper-lazy\" data-src=\"https:\/\/mark-eating.pl\/wp-content\/uploads\/2025\/02\/o17.jpg\" alt=\"o17\" \/><div class=\"swiper-lazy-preloader\"><\/div><\/figure><\/div>\t\t\t<\/div>\n\t\t\t\t\t\t\t\t\t\t\t\t<div class=\"elementor-swiper-button elementor-swiper-button-prev\" role=\"button\" tabindex=\"0\">\n\t\t\t\t\t\t<i aria-hidden=\"true\" class=\"eicon-chevron-left\"><\/i>\t\t\t\t\t<\/div>\n\t\t\t\t\t<div class=\"elementor-swiper-button elementor-swiper-button-next\" role=\"button\" tabindex=\"0\">\n\t\t\t\t\t\t<i aria-hidden=\"true\" class=\"eicon-chevron-right\"><\/i>\t\t\t\t\t<\/div>\n\t\t\t\t\n\t\t\t\t\t\t\t\t\t<\/div>\n\t\t\t\t<\/div>\n\t\t\t\t<\/div>\n\t\t\t\t\t<\/div>\n\t\t<\/div>\n\t\t\t\t\t<\/div>\n\t\t<\/section>\n\t\t\t\t<\/div>\n\t\t<\/div>\n<p>&nbsp;<\/p>\n<p><strong>Co otrzymam podczas szkolenia?\u00a0<\/strong><\/p>\n<ul>\n<li>Certyfikat &#8221;Photoshop od Podstaw&#8221;<\/li>\n<li>Dowolna ilo\u015b\u0107 kawy i herbaty<\/li>\n<li>Lunch i co\u015b s\u0142odkiego<\/li>\n<\/ul>\n<p>&nbsp;<\/p>\n<p><strong>Kiedy?<\/strong><\/p>\n<ul>\n<li>Najbli\u017cszy termin szkolenia 15-16 marca 2025<\/li>\n<\/ul>\n<p>&nbsp;<\/p>\n<p><strong>Masz w\u0105tpliwo\u015bci? Napisz wiadomo\u015b\u0107 :)<\/strong><\/p>\n<div class='fluentform ff-default fluentform_wrapper_3 ffs_default_wrap'><form data-form_id=\"3\" id=\"fluentform_3\" class=\"frm-fluent-form fluent_form_3 ff-el-form-top ff_form_instance_3_1 ff-form-loading ffs_default\" data-form_instance=\"ff_form_instance_3_1\" method=\"POST\" action=\"\" ><fieldset  style=\"border: none!important;margin: 0!important;padding: 0!important;background-color: transparent!important;box-shadow: none!important;outline: none!important; min-inline-size: 100%;\">\n                    <legend class=\"ff_screen_reader_title\" style=\"display: block; margin: 0!important;padding: 0!important;height: 0!important;text-indent: -999999px;width: 0!important;overflow:hidden;\">Blank Form (#3)<\/legend><input type='hidden' name='__fluent_form_embded_post_id' value='36520' \/><input type=\"hidden\" id=\"_fluentform_3_fluentformnonce\" name=\"_fluentform_3_fluentformnonce\" value=\"3a9bb3faa4\" \/><input type=\"hidden\" name=\"_wp_http_referer\" value=\"\/en\/wp-json\/wp\/v2\/product\/36520\" \/><div class='ff-el-group'><div class=\"ff-el-input--label asterisk-right\"><label for='ff_3_email' aria-label=\"Tw\u00f3j adres e-mail\">Tw\u00f3j adres e-mail<\/label><\/div><div class='ff-el-input--content'><input type=\"email\" name=\"email\" id=\"ff_3_email\" class=\"ff-el-form-control\" placeholder=\"Wpisz adres e-mail\" data-name=\"email\"  aria-invalid=\"false\" aria-required=\"false\"><\/div><\/div><div class='ff-el-group'><div class=\"ff-el-input--label asterisk-right\"><label for='ff_3_input_text' aria-label=\"Tw\u00f3j numer telefonu\">Tw\u00f3j numer telefonu<\/label><\/div><div class='ff-el-input--content'><input type=\"text\" name=\"input_text\" class=\"ff-el-form-control\" placeholder=\"Je\u015bli chcesz mo\u017cesz wpisa\u0107 numer telefonu\" data-name=\"input_text\" id=\"ff_3_input_text\"  aria-invalid=\"false\" aria-required=\"false\"><\/div><\/div><div class='ff-el-group'><div class=\"ff-el-input--label asterisk-right\"><label for='ff_3_description' aria-label=\"Pytanie\">Pytanie<\/label><\/div><div class='ff-el-input--content'><textarea aria-invalid=\"false\" aria-required=\"false\" name=\"description\" id=\"ff_3_description\" class=\"ff-el-form-control\" placeholder=\"Je\u017celi masz jakie\u015b pytanie napisz je tutaj\" rows=\"4\" cols=\"2\" data-name=\"description\" ><\/textarea><\/div><\/div><div class='ff-el-group ff-text-center ff_submit_btn_wrapper'><button type=\"submit\" class=\"ff-btn ff-btn-submit ff-btn-lg ff_btn_style wpf_has_custom_css\" >Wy\u015blij zapytanie<\/button><\/div><\/fieldset><input type=\"hidden\" name=\"trp-form-language\" value=\"en\"\/><\/form><div id='fluentform_3_errors' class='ff-errors-in-stack ff_form_instance_3_1 ff-form-loading_errors ff_form_instance_3_1_errors'><\/div><\/div>        <script type=\"text\/javascript\">\n            window.fluent_form_ff_form_instance_3_1 = {\"id\":\"3\",\"settings\":{\"layout\":{\"labelPlacement\":\"top\",\"helpMessagePlacement\":\"with_label\",\"errorMessagePlacement\":\"inline\",\"cssClassName\":\"\",\"asteriskPlacement\":\"asterisk-right\"},\"restrictions\":{\"denyEmptySubmission\":{\"enabled\":false}}},\"form_instance\":\"ff_form_instance_3_1\",\"form_id_selector\":\"fluentform_3\",\"rules\":{\"email\":{\"required\":{\"value\":false,\"message\":\"This field is required\",\"global_message\":\"This field is required\",\"global\":true},\"email\":{\"value\":true,\"message\":\"To pole jest obowi\\u0105zkowe\",\"global_message\":\"This field must contain a valid email\",\"global\":false}},\"input_text\":{\"required\":{\"value\":false,\"message\":\"This field is required\",\"global_message\":\"This field is required\",\"global\":true}},\"description\":{\"required\":{\"value\":false,\"message\":\"This field is required\",\"global_message\":\"This field is required\",\"global\":true}}}};\n                    <\/script>\n        \n<p>&nbsp;<\/p>","protected":false},"excerpt":{"rendered":"<p>Wkr\u00f3tce wi\u0119cej informacji<\/p>","protected":false},"featured_media":36553,"template":"","meta":[],"product_cat":[369],"product_tag":[],"class_list":{"0":"post-36520","1":"product","2":"type-product","3":"status-publish","4":"has-post-thumbnail","6":"product_cat-szkolenia-stacjonarne","8":"first","9":"instock","10":"sold-individually","11":"shipping-taxable","12":"purchasable","13":"product-type-simple"},"_links":{"self":[{"href":"https:\/\/mark-eating.pl\/en\/wp-json\/wp\/v2\/product\/36520","targetHints":{"allow":["GET"]}}],"collection":[{"href":"https:\/\/mark-eating.pl\/en\/wp-json\/wp\/v2\/product"}],"about":[{"href":"https:\/\/mark-eating.pl\/en\/wp-json\/wp\/v2\/types\/product"}],"wp:featuredmedia":[{"embeddable":true,"href":"https:\/\/mark-eating.pl\/en\/wp-json\/wp\/v2\/media\/36553"}],"wp:attachment":[{"href":"https:\/\/mark-eating.pl\/en\/wp-json\/wp\/v2\/media?parent=36520"}],"wp:term":[{"taxonomy":"product_cat","embeddable":true,"href":"https:\/\/mark-eating.pl\/en\/wp-json\/wp\/v2\/product_cat?post=36520"},{"taxonomy":"product_tag","embeddable":true,"href":"https:\/\/mark-eating.pl\/en\/wp-json\/wp\/v2\/product_tag?post=36520"}],"curies":[{"name":"wp","href":"https:\/\/api.w.org\/{rel}","templated":true}]}}