{"id":36519,"date":"2025-02-05T16:40:29","date_gmt":"2025-02-05T15:40:29","guid":{"rendered":"https:\/\/mark-eating.pl\/?post_type=product&#038;p=36519"},"modified":"2025-02-05T19:12:24","modified_gmt":"2025-02-05T18:12:24","slug":"szkolenie-beauty-marketing","status":"publish","type":"product","link":"https:\/\/mark-eating.pl\/en\/product\/szkolenie-beauty-marketing\/","title":{"rendered":"Szkolenie Beauty Marketing"},"content":{"rendered":"<p>Beauty Marketing w Biar Academy<\/p>\n<p>W dzisiejszych czasach konkurencja w bran\u017cy beauty jest ogromna, a same umiej\u0119tno\u015bci i poczta pantoflowa w\u015br\u00f3d klientek to za ma\u0142o, by nowe klientki i rozwija\u0107 sw\u00f3j salon. Kluczem do sukcesu jest zaplanowany, niespontaniczny marketing, kt\u00f3ry pozwoli Ci wyr\u00f3\u017cni\u0107 si\u0119 na rynku, budowa\u0107 swoj\u0105 mark\u0119 osobist\u0105, rozpoznawalno\u015b\u0107 i w efekcie zwi\u0119ksza\u0107 sprzeda\u017c.<\/p>\n<p>Szkolenie <strong>Beauty Marketing<\/strong> to kompleksowy program, kt\u00f3ry \u0142\u0105czy nowoczesne, akademickie strategie marketingowe z praktycznym podej\u015bciem do promocji us\u0142ug beauty. Dowiesz si\u0119, jak profesjonalnie budowa\u0107 swoj\u0105 mark\u0119, prowadzi\u0107 media spo\u0142eczno\u015bciowe, tworzy\u0107 skuteczne kampanie reklamowe oraz wykorzystywa\u0107 narz\u0119dzia sprzeda\u017cowe, kt\u00f3re zwi\u0119ksz\u0105 liczb\u0119 klient\u00f3w i ich lojalno\u015b\u0107. Nauczysz si\u0119, jak wyr\u00f3\u017cni\u0107 swoje us\u0142ugi, przyci\u0105gn\u0105\u0107 uwag\u0119 odpowiednich os\u00f3b i sprawi\u0107, by Tw\u00f3j biznes rozwija\u0142 si\u0119 dynamicznie, niezale\u017cnie od sezonu.<\/p>\n<p><strong>To szkolenie to inwestycja w przysz\u0142o\u015b\u0107 Twojej marki \u2013 pozwoli Ci nie tylko zdoby\u0107 nowych klient\u00f3w, ale te\u017c sprawi\u0107, by wracali do Ciebie regularnie, buduj\u0105c silne i trwa\u0142e relacje.<\/strong><\/p>\n<p>&nbsp;<\/p>\n<p><strong>Dla kogo?<\/strong><\/p>\n<ul>\n<li>Dla os\u00f3b pracuj\u0105cych w bran\u017cy beauty chc\u0105cych zadba\u0107 o wszystkie aspekty promowania salonu online<\/li>\n<li>Dla w\u0142a\u015bcicieli salon\u00f3w beauty ogarniaj\u0105cych samodzielnie swoje dzia\u0142ania marketingowe<\/li>\n<li>Dla os\u00f3b chc\u0105cych zarabia\u0107 na oferowaniu us\u0142ug marketingowych niezale\u017cnie od bran\u017cy<\/li>\n<\/ul>\n<p>&nbsp;<\/p>\n<p><strong>Program szkolenia:\u00a0<\/strong><\/p>\n<ul>\n<li>Elementy marki osobistej i budowanie wizerunku<\/li>\n<li>Kana\u0142y marketingowe online i offline dla bran\u017cy beauty<\/li>\n<li>P\u0142atne formy reklamy Meta Ads dla beauty (pozyskiwanie nowych klientek)<\/li>\n<li>Videomarketing (rolki) &#8211; wci\u0105gaj\u0105ce scenariusze, monta\u017c, efekty, automatyczne napisy, d\u017awi\u0119k i retusz video<\/li>\n<li>Tworzenie w\u0142asnych baner\u00f3w reklamowych, cennik\u00f3w, ofert<\/li>\n<li>Retusz zdj\u0119\u0107 beauty<\/li>\n<li>Wizyt\u00f3wka w Google, kt\u00f3ra pozyskuje klient\u00f3w<\/li>\n<li>Psychologiczne techniki sprzeda\u017cy i prezentacji oferty<\/li>\n<li>Prawne aspekty reklamy beauty<\/li>\n<\/ul>\n<p>&nbsp;<\/p>\n<div \t\tclass=\"sc_layouts sc_layouts_default sc_layouts_36526\"\n\t\tdata-delay=\"0\"\n\t\t>\t\t<div data-elementor-type=\"cpt_layouts\" data-elementor-id=\"36526\" class=\"elementor elementor-36526\">\n\t\t\t\t\t\t<section class=\"elementor-section elementor-top-section elementor-element elementor-element-b48f82e elementor-section-boxed elementor-section-height-default elementor-section-height-default sc_fly_static\" data-id=\"b48f82e\" data-element_type=\"section\">\n\t\t\t\t\t\t<div class=\"elementor-container elementor-column-gap-extended\">\n\t\t\t\t\t<div class=\"elementor-column elementor-col-100 elementor-top-column elementor-element elementor-element-7dcb7cf sc_inner_width_none sc_content_align_inherit sc_layouts_column_icons_position_left sc_fly_static\" data-id=\"7dcb7cf\" data-element_type=\"column\">\n\t\t\t<div class=\"elementor-widget-wrap elementor-element-populated\">\n\t\t\t\t\t\t<div class=\"elementor-element elementor-element-27cd289 elementor-arrows-position-inside sc_fly_static elementor-widget elementor-widget-image-carousel\" data-id=\"27cd289\" data-element_type=\"widget\" data-settings=\"{&quot;navigation&quot;:&quot;arrows&quot;,&quot;lazyload&quot;:&quot;yes&quot;,&quot;autoplay&quot;:&quot;yes&quot;,&quot;pause_on_hover&quot;:&quot;yes&quot;,&quot;pause_on_interaction&quot;:&quot;yes&quot;,&quot;autoplay_speed&quot;:5000,&quot;infinite&quot;:&quot;yes&quot;,&quot;speed&quot;:500}\" data-widget_type=\"image-carousel.default\">\n\t\t\t\t<div class=\"elementor-widget-container\">\n\t\t\t\t\t<div class=\"elementor-image-carousel-wrapper swiper\" dir=\"ltr\">\n\t\t\t<div class=\"elementor-image-carousel swiper-wrapper\" aria-live=\"off\">\n\t\t\t\t\t\t\t\t<div class=\"swiper-slide\" role=\"group\" aria-roledescription=\"slide\" aria-label=\"1 of 14\"><figure class=\"swiper-slide-inner\"><img class=\"swiper-slide-image swiper-lazy\" data-src=\"https:\/\/mark-eating.pl\/wp-content\/uploads\/2025\/02\/o3.webp\" alt=\"o3\" \/><div class=\"swiper-lazy-preloader\"><\/div><\/figure><\/div><div class=\"swiper-slide\" role=\"group\" aria-roledescription=\"slide\" aria-label=\"2 of 14\"><figure class=\"swiper-slide-inner\"><img class=\"swiper-slide-image swiper-lazy\" data-src=\"https:\/\/mark-eating.pl\/wp-content\/uploads\/2025\/02\/o1.webp\" alt=\"o1\" \/><div class=\"swiper-lazy-preloader\"><\/div><\/figure><\/div><div class=\"swiper-slide\" role=\"group\" aria-roledescription=\"slide\" aria-label=\"3 of 14\"><figure class=\"swiper-slide-inner\"><img class=\"swiper-slide-image swiper-lazy\" data-src=\"https:\/\/mark-eating.pl\/wp-content\/uploads\/2025\/02\/o2.webp\" alt=\"o2\" \/><div class=\"swiper-lazy-preloader\"><\/div><\/figure><\/div><div class=\"swiper-slide\" role=\"group\" aria-roledescription=\"slide\" aria-label=\"4 of 14\"><figure class=\"swiper-slide-inner\"><img class=\"swiper-slide-image swiper-lazy\" data-src=\"https:\/\/mark-eating.pl\/wp-content\/uploads\/2025\/02\/o5.webp\" alt=\"o5\" \/><div class=\"swiper-lazy-preloader\"><\/div><\/figure><\/div><div class=\"swiper-slide\" role=\"group\" aria-roledescription=\"slide\" aria-label=\"5 of 14\"><figure class=\"swiper-slide-inner\"><img class=\"swiper-slide-image swiper-lazy\" data-src=\"https:\/\/mark-eating.pl\/wp-content\/uploads\/2025\/02\/o6.webp\" alt=\"o6\" \/><div class=\"swiper-lazy-preloader\"><\/div><\/figure><\/div><div class=\"swiper-slide\" role=\"group\" aria-roledescription=\"slide\" aria-label=\"6 of 14\"><figure class=\"swiper-slide-inner\"><img class=\"swiper-slide-image swiper-lazy\" data-src=\"https:\/\/mark-eating.pl\/wp-content\/uploads\/2025\/02\/o9.webp\" alt=\"opinie o szkoleniach Bartosz Bodziony\" \/><div class=\"swiper-lazy-preloader\"><\/div><\/figure><\/div><div class=\"swiper-slide\" role=\"group\" aria-roledescription=\"slide\" aria-label=\"7 of 14\"><figure class=\"swiper-slide-inner\"><img class=\"swiper-slide-image swiper-lazy\" data-src=\"https:\/\/mark-eating.pl\/wp-content\/uploads\/2025\/02\/o10.webp\" alt=\"o10\" \/><div class=\"swiper-lazy-preloader\"><\/div><\/figure><\/div><div class=\"swiper-slide\" role=\"group\" aria-roledescription=\"slide\" aria-label=\"8 of 14\"><figure class=\"swiper-slide-inner\"><img class=\"swiper-slide-image swiper-lazy\" data-src=\"https:\/\/mark-eating.pl\/wp-content\/uploads\/2025\/02\/o11.webp\" alt=\"o11\" \/><div class=\"swiper-lazy-preloader\"><\/div><\/figure><\/div><div class=\"swiper-slide\" role=\"group\" aria-roledescription=\"slide\" aria-label=\"9 of 14\"><figure class=\"swiper-slide-inner\"><img class=\"swiper-slide-image swiper-lazy\" data-src=\"https:\/\/mark-eating.pl\/wp-content\/uploads\/2025\/02\/o12.webp\" alt=\"o12\" \/><div class=\"swiper-lazy-preloader\"><\/div><\/figure><\/div><div class=\"swiper-slide\" role=\"group\" aria-roledescription=\"slide\" aria-label=\"10 of 14\"><figure class=\"swiper-slide-inner\"><img class=\"swiper-slide-image swiper-lazy\" data-src=\"https:\/\/mark-eating.pl\/wp-content\/uploads\/2025\/02\/o13.webp\" alt=\"o13\" \/><div class=\"swiper-lazy-preloader\"><\/div><\/figure><\/div><div class=\"swiper-slide\" role=\"group\" aria-roledescription=\"slide\" aria-label=\"11 of 14\"><figure class=\"swiper-slide-inner\"><img class=\"swiper-slide-image swiper-lazy\" data-src=\"https:\/\/mark-eating.pl\/wp-content\/uploads\/2025\/02\/o14.webp\" alt=\"o14\" \/><div class=\"swiper-lazy-preloader\"><\/div><\/figure><\/div><div class=\"swiper-slide\" role=\"group\" aria-roledescription=\"slide\" aria-label=\"12 of 14\"><figure class=\"swiper-slide-inner\"><img class=\"swiper-slide-image swiper-lazy\" data-src=\"https:\/\/mark-eating.pl\/wp-content\/uploads\/2025\/02\/o15.webp\" alt=\"o15\" \/><div class=\"swiper-lazy-preloader\"><\/div><\/figure><\/div><div class=\"swiper-slide\" role=\"group\" aria-roledescription=\"slide\" aria-label=\"13 of 14\"><figure class=\"swiper-slide-inner\"><img class=\"swiper-slide-image swiper-lazy\" data-src=\"https:\/\/mark-eating.pl\/wp-content\/uploads\/2025\/02\/o16.webp\" alt=\"o16\" \/><div class=\"swiper-lazy-preloader\"><\/div><\/figure><\/div><div class=\"swiper-slide\" role=\"group\" aria-roledescription=\"slide\" aria-label=\"14 of 14\"><figure class=\"swiper-slide-inner\"><img class=\"swiper-slide-image swiper-lazy\" data-src=\"https:\/\/mark-eating.pl\/wp-content\/uploads\/2025\/02\/o17.jpg\" alt=\"o17\" \/><div class=\"swiper-lazy-preloader\"><\/div><\/figure><\/div>\t\t\t<\/div>\n\t\t\t\t\t\t\t\t\t\t\t\t<div class=\"elementor-swiper-button elementor-swiper-button-prev\" role=\"button\" tabindex=\"0\">\n\t\t\t\t\t\t<i aria-hidden=\"true\" class=\"eicon-chevron-left\"><\/i>\t\t\t\t\t<\/div>\n\t\t\t\t\t<div class=\"elementor-swiper-button elementor-swiper-button-next\" role=\"button\" tabindex=\"0\">\n\t\t\t\t\t\t<i aria-hidden=\"true\" class=\"eicon-chevron-right\"><\/i>\t\t\t\t\t<\/div>\n\t\t\t\t\n\t\t\t\t\t\t\t\t\t<\/div>\n\t\t\t\t<\/div>\n\t\t\t\t<\/div>\n\t\t\t\t\t<\/div>\n\t\t<\/div>\n\t\t\t\t\t<\/div>\n\t\t<\/section>\n\t\t\t\t<\/div>\n\t\t<\/div>\n<p>&nbsp;<\/p>\n<p><strong>Co otrzymam podczas szkolenia?\u00a0<\/strong><\/p>\n<ul>\n<li>Certyfikat &#8221;Podstawy Marketingu&#8221; wydawany przez Biar Academy<\/li>\n<li>Zapisany zeszyt z planem na najbli\u017csze miesi\u0105ce<\/li>\n<li>Dowolna ilo\u015b\u0107 kawy i herbaty<\/li>\n<li>Lunch i co\u015b s\u0142odkiego<\/li>\n<\/ul>\n<p>&nbsp;<\/p>\n<p><strong>Kiedy i gdzie?<\/strong><\/p>\n<ul>\n<li>Katowice, Biar Academy ul. Ba\u017cant\u00f3w 10\/1<\/li>\n<li>Najbli\u017cszy termin szkolenia 22-23 marca 2025<\/li>\n<li>Kolejny termin 26-27 kwietnia 2025<\/li>\n<\/ul>\n<p>&nbsp;<\/p>\n<p><strong>Beauty Marketing to 2 dniowe szkolenie w przepi\u0119knych salach jednej z najlepszych w Polsce szk\u00f3\u0142 makija\u017cu Biar Academy. A do tego kawa, lunch, co\u015b s\u0142odkiego!<\/strong><\/p>\n<p>&nbsp;<\/p>\n<p>Jedyna taka okazja w 2025 roku &#8211; skorzystaj z dofinansowania 95% na szkolenie beauty marketing. Dofinansowanie jest przyznawane przez Uni\u0119 Europejsk\u0105. <strong>Aktualnie nie tylko dla os\u00f3b bezrobotnych ale tak\u017ce to \u015bwietna okazja dla os\u00f3b zatrudnionych na umow\u0119 o prac\u0119, zlecenie a tak\u017ce o dzie\u0142o.<\/strong> Skontaktuj si\u0119 bezpo\u015brednio z Biar Academy gdzie zostaniesz przeprowadzona\/ny przez proces od pocz\u0105tku do ko\u0144ca &#8211; jest to bardzo proste, a taka okazja nie by\u0142a dost\u0119pna ju\u017c od bardzo dawna.<\/p>\n<p>&nbsp;<\/p>\n<p><strong>Masz w\u0105tpliwo\u015bci? Napisz wiadomo\u015b\u0107 :)<\/strong><\/p>\n<div class='fluentform ff-default fluentform_wrapper_3 ffs_default_wrap'><form data-form_id=\"3\" id=\"fluentform_3\" class=\"frm-fluent-form fluent_form_3 ff-el-form-top ff_form_instance_3_1 ff-form-loading ffs_default\" data-form_instance=\"ff_form_instance_3_1\" method=\"POST\" action=\"\" ><fieldset  style=\"border: none!important;margin: 0!important;padding: 0!important;background-color: transparent!important;box-shadow: none!important;outline: none!important; min-inline-size: 100%;\">\n                    <legend class=\"ff_screen_reader_title\" style=\"display: block; margin: 0!important;padding: 0!important;height: 0!important;text-indent: -999999px;width: 0!important;overflow:hidden;\">Blank Form (#3)<\/legend><input type='hidden' name='__fluent_form_embded_post_id' value='36519' \/><input type=\"hidden\" id=\"_fluentform_3_fluentformnonce\" name=\"_fluentform_3_fluentformnonce\" value=\"3a9bb3faa4\" \/><input type=\"hidden\" name=\"_wp_http_referer\" value=\"\/en\/wp-json\/wp\/v2\/product\/36519\" \/><div class='ff-el-group'><div class=\"ff-el-input--label asterisk-right\"><label for='ff_3_email' aria-label=\"Tw\u00f3j adres e-mail\">Tw\u00f3j adres e-mail<\/label><\/div><div class='ff-el-input--content'><input type=\"email\" name=\"email\" id=\"ff_3_email\" class=\"ff-el-form-control\" placeholder=\"Wpisz adres e-mail\" data-name=\"email\"  aria-invalid=\"false\" aria-required=\"false\"><\/div><\/div><div class='ff-el-group'><div class=\"ff-el-input--label asterisk-right\"><label for='ff_3_input_text' aria-label=\"Tw\u00f3j numer telefonu\">Tw\u00f3j numer telefonu<\/label><\/div><div class='ff-el-input--content'><input type=\"text\" name=\"input_text\" class=\"ff-el-form-control\" placeholder=\"Je\u015bli chcesz mo\u017cesz wpisa\u0107 numer telefonu\" data-name=\"input_text\" id=\"ff_3_input_text\"  aria-invalid=\"false\" aria-required=\"false\"><\/div><\/div><div class='ff-el-group'><div class=\"ff-el-input--label asterisk-right\"><label for='ff_3_description' aria-label=\"Pytanie\">Pytanie<\/label><\/div><div class='ff-el-input--content'><textarea aria-invalid=\"false\" aria-required=\"false\" name=\"description\" id=\"ff_3_description\" class=\"ff-el-form-control\" placeholder=\"Je\u017celi masz jakie\u015b pytanie napisz je tutaj\" rows=\"4\" cols=\"2\" data-name=\"description\" ><\/textarea><\/div><\/div><div class='ff-el-group ff-text-center ff_submit_btn_wrapper'><button type=\"submit\" class=\"ff-btn ff-btn-submit ff-btn-lg ff_btn_style wpf_has_custom_css\" >Wy\u015blij zapytanie<\/button><\/div><\/fieldset><input type=\"hidden\" name=\"trp-form-language\" value=\"en\"\/><\/form><div id='fluentform_3_errors' class='ff-errors-in-stack ff_form_instance_3_1 ff-form-loading_errors ff_form_instance_3_1_errors'><\/div><\/div>        <script type=\"text\/javascript\">\n            window.fluent_form_ff_form_instance_3_1 = {\"id\":\"3\",\"settings\":{\"layout\":{\"labelPlacement\":\"top\",\"helpMessagePlacement\":\"with_label\",\"errorMessagePlacement\":\"inline\",\"cssClassName\":\"\",\"asteriskPlacement\":\"asterisk-right\"},\"restrictions\":{\"denyEmptySubmission\":{\"enabled\":false}}},\"form_instance\":\"ff_form_instance_3_1\",\"form_id_selector\":\"fluentform_3\",\"rules\":{\"email\":{\"required\":{\"value\":false,\"message\":\"This field is required\",\"global_message\":\"This field is required\",\"global\":true},\"email\":{\"value\":true,\"message\":\"To pole jest obowi\\u0105zkowe\",\"global_message\":\"This field must contain a valid email\",\"global\":false}},\"input_text\":{\"required\":{\"value\":false,\"message\":\"This field is required\",\"global_message\":\"This field is required\",\"global\":true}},\"description\":{\"required\":{\"value\":false,\"message\":\"This field is required\",\"global_message\":\"This field is required\",\"global\":true}}}};\n                    <\/script>","protected":false},"excerpt":{"rendered":"<p>Zbuduj rozpoznawaln\u0105 mark\u0119 i skutecznie przyci\u0105gaj klientki! Szkolenie <strong>Beauty Marketing<\/strong> to 2-dniowy intensywny kurs, kt\u00f3ry \u0142\u0105czy nowoczesne strategie marketingowe z praktycznym podej\u015bciem do promocji us\u0142ug beauty.<\/p>\n<p>Dowiesz si\u0119, jak tworzy\u0107 skuteczne kampanie reklamowe, prowadzi\u0107 social media, wykorzystywa\u0107 videomarketing i retusz zdj\u0119\u0107, a tak\u017ce jak prawid\u0142owo prezentowa\u0107 swoj\u0105 ofert\u0119, by zwi\u0119kszy\u0107 sprzeda\u017c.<\/p>","protected":false},"featured_media":36552,"template":"","meta":[],"product_cat":[369],"product_tag":[],"class_list":{"0":"post-36519","1":"product","2":"type-product","3":"status-publish","4":"has-post-thumbnail","6":"product_cat-szkolenia-stacjonarne","8":"first","9":"instock","10":"sale","11":"sold-individually","12":"shipping-taxable","13":"product-type-external"},"_links":{"self":[{"href":"https:\/\/mark-eating.pl\/en\/wp-json\/wp\/v2\/product\/36519","targetHints":{"allow":["GET"]}}],"collection":[{"href":"https:\/\/mark-eating.pl\/en\/wp-json\/wp\/v2\/product"}],"about":[{"href":"https:\/\/mark-eating.pl\/en\/wp-json\/wp\/v2\/types\/product"}],"wp:featuredmedia":[{"embeddable":true,"href":"https:\/\/mark-eating.pl\/en\/wp-json\/wp\/v2\/media\/36552"}],"wp:attachment":[{"href":"https:\/\/mark-eating.pl\/en\/wp-json\/wp\/v2\/media?parent=36519"}],"wp:term":[{"taxonomy":"product_cat","embeddable":true,"href":"https:\/\/mark-eating.pl\/en\/wp-json\/wp\/v2\/product_cat?post=36519"},{"taxonomy":"product_tag","embeddable":true,"href":"https:\/\/mark-eating.pl\/en\/wp-json\/wp\/v2\/product_tag?post=36519"}],"curies":[{"name":"wp","href":"https:\/\/api.w.org\/{rel}","templated":true}]}}