{"id":36516,"date":"2025-02-04T10:43:53","date_gmt":"2025-02-04T09:43:53","guid":{"rendered":"https:\/\/mark-eating.pl\/?post_type=product&#038;p=36516"},"modified":"2025-02-04T11:43:08","modified_gmt":"2025-02-04T10:43:08","slug":"wirtualna-sesja-zdjeciowa","status":"publish","type":"product","link":"https:\/\/mark-eating.pl\/en\/product\/wirtualna-sesja-zdjeciowa\/","title":{"rendered":"Wirtualna Sesja Zdj\u0119ciowa &#8211; 8 zdj\u0119\u0107"},"content":{"rendered":"<p><strong>Wirtualna sesja zdj\u0119ciowa dla bran\u017cy beauty \u2013 8 zdj\u0119\u0107 za 250 z\u0142<\/strong><\/p>\n<p>&nbsp;<\/p>\n<p><strong>Chcesz, aby Twoje us\u0142ugi w bran\u017cy beauty by\u0142y prezentowane profesjonalnie? Pami\u0119taj profesjonalne zdj\u0119cia wp\u0142ywaj\u0105 na wycen\u0119 Twoich us\u0142ug.<\/strong> Zainwestuj w wirtualn\u0105 sesj\u0119 zdj\u0119ciow\u0105, kt\u00f3ra wyr\u00f3\u017cni Twoj\u0105 ofert\u0119 w sieci. Oferujemy Ci 8 unikalnych zdj\u0119\u0107 \u2013 bez wychodzenia z domu! Sesja b\u0119dzie wygl\u0105da\u0142a jak z profesjonalnego studia a jest wykonana przez profesjonalnego grafika korzystaj\u0105cego z zaawansowanych model\u00f3w AI, kt\u00f3re nie s\u0105 aplikacj\u0105 na telefon! St\u0105d efekt jest spektakularny.<\/p>\n<p>&nbsp;<\/p>\n<p>\u2705 <strong>Profesjonalne zdj\u0119cia<\/strong> \u2013 ka\u017cda sesja zdj\u0119ciowa jest starannie zaplanowana, aby idealnie odda\u0107 charakter Twoich us\u0142ug. Otrzymasz 8 zdj\u0119\u0107 gotowych do wykorzystania w kampaniach reklamowych, na stronie internetowej i w social mediach.<\/p>\n<p>\u2705 <strong>Bez wychodzenia salonu<\/strong> \u2013 sesja odbywa si\u0119 w formie wirtualnej AI, co oznacza oszcz\u0119dno\u015b\u0107 czasu i wygod\u0119.<\/p>\n<p>\u2705 <strong>Nie musisz umie\u0107 pozowa\u0107\u00a0<\/strong><\/p>\n<p>\u2705 <strong>Dostosowanie do medi\u00f3w spo\u0142eczno\u015bciowych i druku<\/strong> \u2013 zdj\u0119cia idealnie nadaj\u0105 si\u0119 na posty, rolki, karuzele, stories i inne formy tre\u015bci wizualnych tak\u017ce w formie drukowanych cennik\u00f3w i certyfiakt\u00f3w.<\/p>\n<p>&nbsp;<\/p>\n<p><span style=\"color: #ff0000;\"><strong>Pierwsze 30 sesji zdj\u0119ciowych w promocyjnej cenie 250 zamiast 300 z\u0142<\/strong><\/span><\/p>","protected":false},"excerpt":{"rendered":"<p>Wirtualna sesja zdj\u0119ciowa AI dla bran\u017cy beauty!<\/p>","protected":false},"featured_media":0,"template":"","meta":[],"product_cat":[366],"product_tag":[],"class_list":{"0":"post-36516","1":"product","2":"type-product","3":"status-publish","5":"product_cat-grafika-reklamowa","7":"first","8":"instock","9":"sale","10":"sold-individually","11":"shipping-taxable","12":"purchasable","13":"product-type-simple"},"_links":{"self":[{"href":"https:\/\/mark-eating.pl\/en\/wp-json\/wp\/v2\/product\/36516","targetHints":{"allow":["GET"]}}],"collection":[{"href":"https:\/\/mark-eating.pl\/en\/wp-json\/wp\/v2\/product"}],"about":[{"href":"https:\/\/mark-eating.pl\/en\/wp-json\/wp\/v2\/types\/product"}],"wp:attachment":[{"href":"https:\/\/mark-eating.pl\/en\/wp-json\/wp\/v2\/media?parent=36516"}],"wp:term":[{"taxonomy":"product_cat","embeddable":true,"href":"https:\/\/mark-eating.pl\/en\/wp-json\/wp\/v2\/product_cat?post=36516"},{"taxonomy":"product_tag","embeddable":true,"href":"https:\/\/mark-eating.pl\/en\/wp-json\/wp\/v2\/product_tag?post=36516"}],"curies":[{"name":"wp","href":"https:\/\/api.w.org\/{rel}","templated":true}]}}