{"id":36212,"date":"2024-06-13T13:02:36","date_gmt":"2024-06-13T11:02:36","guid":{"rendered":"https:\/\/mark-eating.pl\/?post_type=product&#038;p=36212"},"modified":"2024-06-13T13:07:36","modified_gmt":"2024-06-13T11:07:36","slug":"bartosz-bodziony","status":"publish","type":"product","link":"https:\/\/mark-eating.pl\/en\/product\/bartosz-bodziony\/","title":{"rendered":"Bartosz Bodziony"},"content":{"rendered":"<p>Nazywam si\u0119 Bartosz Bodziony<span class=\"Apple-converted-space\">\u00a0<\/span><\/p>\n<ul>\n<li>Jestem grafikiem<span class=\"Apple-converted-space\">\u00a0<\/span><\/li>\n<\/ul>\n<p>&nbsp;<\/p>\n<p>Umiej\u0119tno\u015bci:<span class=\"Apple-converted-space\">\u00a0<\/span><\/p>\n<p>Pakiet Adobe<\/p>\n<p>Adobe Photoshop<span class=\"Apple-converted-space\">\u00a0<\/span><\/p>\n<p>Adobe Illustrator<\/p>\n<p>Adobe Premiere Pro<span class=\"Apple-converted-space\">\u00a0<\/span><\/p>\n<p>Reklama Online<\/p>\n<p>Meta Ads<\/p>\n<p>Google Ads<span class=\"Apple-converted-space\">\u00a0<\/span><\/p>\n<p>AI<\/p>\n<p>Generowanie<\/p>\n<p>T\u0142umaczenie audio i tekstu<\/p>\n<p>Przeprowadzone szkolenia:<\/p>\n<p>Tworzenie kampanii reklamowych Facebook Ads<\/p>\n<ul>\n<li>Cykl szkole\u0144 zamkni\u0119tych dla pracownik\u00f3w Body Space Company<\/li>\n<\/ul>\n<p>Beauty Marketing<\/p>\n<ul>\n<li>2 dniowe szkolenie stacjonarne dla marketingu w bran\u017cy beauty<\/li>\n<\/ul>\n<p>Instagram i Rolki<\/p>\n<ul>\n<li>5 szkole\u0144 z zakresu marketingu w mediach spo\u0142eczno\u015bciowych w ramach szko\u0142y makija\u017cu w Biar Beauty<span class=\"Apple-converted-space\">\u00a0<\/span><\/li>\n<\/ul>\n<p>Do\u015bwiadczenie korporacyjne:<\/p>\n<p>Specjalista ds. marketingu w Orange Logistics<span class=\"Apple-converted-space\">\u00a0<\/span><\/p>\n<p>Marketing 360 &#8211; tworzenie stron, reklam, grafik, tekst\u00f3w dla marki g\u0142\u00f3wnej zwi\u0105zanej z transportem i spedycj\u0105 oraz marek podleg\u0142ych w bran\u017cy prawniczej.<\/p>\n<p>Specjalista ds. marketingu w Body Space<\/p>\n<p>Marketing 360 &#8211; tworzenie stron, reklam, grafik, tekst\u00f3w dla Body Space Company (producent sprz\u0119tu fitness) oraz Body Space Concept (si\u0142ownia dla kobiet)<span class=\"Apple-converted-space\">\u00a0<\/span><\/p>\n<p>Specjalista ds. marketingu w Biar Beauty<span class=\"Apple-converted-space\">\u00a0<\/span><\/p>\n<p>Tworzenie video marketingu, reklam, grafiki oraz szkole\u0144 w szkole makija\u017cu<span class=\"Apple-converted-space\">\u00a0<\/span><\/p>\n<p>Szkolenia i certyfikaty:<span class=\"Apple-converted-space\">\u00a0<\/span><\/p>\n<p>Google Ads &amp; Google Ads Pro z Sprawny.Marketing<span class=\"Apple-converted-space\">\u00a0<\/span><\/p>","protected":false},"excerpt":{"rendered":"<p>Tworzysz produkt i potrzebujesz do niego opakowania? Zaprojektuj\u0119 je dla Ciebie!<\/p>","protected":false},"featured_media":36217,"template":"","meta":[],"product_cat":[72],"product_tag":[],"class_list":{"0":"post-36212","1":"product","2":"type-product","3":"status-publish","4":"has-post-thumbnail","6":"product_cat-uncategorized","8":"first","9":"instock","10":"sold-individually","11":"shipping-taxable","12":"product-type-external"},"_links":{"self":[{"href":"https:\/\/mark-eating.pl\/en\/wp-json\/wp\/v2\/product\/36212","targetHints":{"allow":["GET"]}}],"collection":[{"href":"https:\/\/mark-eating.pl\/en\/wp-json\/wp\/v2\/product"}],"about":[{"href":"https:\/\/mark-eating.pl\/en\/wp-json\/wp\/v2\/types\/product"}],"wp:featuredmedia":[{"embeddable":true,"href":"https:\/\/mark-eating.pl\/en\/wp-json\/wp\/v2\/media\/36217"}],"wp:attachment":[{"href":"https:\/\/mark-eating.pl\/en\/wp-json\/wp\/v2\/media?parent=36212"}],"wp:term":[{"taxonomy":"product_cat","embeddable":true,"href":"https:\/\/mark-eating.pl\/en\/wp-json\/wp\/v2\/product_cat?post=36212"},{"taxonomy":"product_tag","embeddable":true,"href":"https:\/\/mark-eating.pl\/en\/wp-json\/wp\/v2\/product_tag?post=36212"}],"curies":[{"name":"wp","href":"https:\/\/api.w.org\/{rel}","templated":true}]}}