{"id":36097,"date":"2024-05-31T11:37:26","date_gmt":"2024-05-31T09:37:26","guid":{"rendered":"https:\/\/mark-eating.pl\/?post_type=product&#038;p=36097"},"modified":"2024-06-20T10:49:43","modified_gmt":"2024-06-20T08:49:43","slug":"strona-internetowa-ze-sklepem","status":"publish","type":"product","link":"https:\/\/mark-eating.pl\/en\/product\/strona-internetowa-ze-sklepem\/","title":{"rendered":"Strona Internetowa ze Sklepem"},"content":{"rendered":"<p>Stworz\u0119 dla Twojej firmy, marki osobistej stron\u0119 internetow\u0105, kt\u00f3ra b\u0119dzie Twoim wirtualnym sprzedawc\u0105 precyzyjnie przeprowadzaj\u0105cym Twoich potencjalnych konsument\u00f3w przez ca\u0142\u0105 \u015bcie\u017ck\u0119 zakupow\u0105.<\/p>\n<p>&nbsp;<\/p>\n<p><strong>Co mo\u017ce zawiera\u0107 Twoja nowa strona internetowa?\u00a0<\/strong><\/p>\n<ul>\n<li>System dodawania aktualno\u015bci \/ news\u00f3w \/ bloga<\/li>\n<li>Okienko chatu pod\u0142\u0105czone bezpo\u015brednio pod Tw\u00f3j oficjalny Facebook Messenger<\/li>\n<li>Narz\u0119dzia statystyczne Google \u015bledz\u0105ce aktywno\u015b\u0107 u\u017cytkownik\u00f3w<\/li>\n<li>Sklep internetowy z bramk\u0105 p\u0142atno\u015bci pod\u0142\u0105czon\u0105 do Twojego konta bankowego<\/li>\n<li>Mo\u017cliwo\u015b\u0107 organizacji za pomoc\u0105 strony kurs\u00f3w online<\/li>\n<\/ul>\n<hr \/>\n<p>&nbsp;<\/p>\n<p><strong>Wybierz jedn\u0105 z opcji strony internetowej:<\/strong><\/p>\n<p>&nbsp;<\/p>\n<ul>\n<li><strong>Strona typu Landing Page (jednostronicowa strona internetowa)\u00a0<\/strong><\/li>\n<\/ul>\n<p>Zawiera wszystkie niezb\u0119dne elementy od og\u00f3\u0142u do szczeg\u00f3\u0142u ko\u0144czy si\u0119 formularzem kontaktowym zbieraj\u0105cym kontakty do Twoich potencjalnych klient\u00f3w.<\/p>\n<p>&nbsp;<\/p>\n<ul>\n<li><strong>Klasyczna strona internetowa (wiele zak\u0142adek)\u00a0<\/strong><\/li>\n<\/ul>\n<p>Jest o wiele bardziej rozbudowan\u0105 wersj\u0105 strony, dla firm posiadaj\u0105cych wiele produkt\u00f3w lub us\u0142ug<\/p>\n<p>&nbsp;<\/p>\n<ul>\n<li><strong>Strona internetowa ze sklepem<\/strong><\/li>\n<\/ul>\n<p>Opr\u00f3cz wszystkich wy\u017cej wymienionych opcji posiada modu\u0142 sklepu, w kt\u00f3rym klienci mog\u0105 dokonywa\u0107 bezpo\u015brednich zakup\u00f3w realizuj\u0105c p\u0142atno\u015bci poprzez bramk\u0119 pod\u0142\u0105czon\u0105 bezpo\u015brednio do Twojego konta bankowego<\/p>\n<hr \/>\n<p>&nbsp;<\/p>\n<p><strong>Jak wygl\u0105da proces tworzenia Twojej strony internetowej?<\/strong><\/p>\n<ol>\n<li>Dokonaj zakupu poprzez ten sklep internetowy wybieraj\u0105c opcj\u0119 p\u0142atno\u015bci zadatku (500 z\u0142) lub ca\u0142o\u015bci.<\/li>\n<li>Po wp\u0142aceniu zadatku rezerwuj\u0119 termin dla Ciebie na prac\u0119 nad Twoj\u0105 stron\u0105 internetow\u0105 potrwa to oko\u0142o 1,5-2 tygodnie<\/li>\n<li>Wprowadzamy niezb\u0119dne poprawki, w ko\u0144cowym etapie ucz\u0119 Ci\u0119 jak zmienia\u0107 podstawowe rzeczy na stronie internetowej. Na tym etapie testujemy wszystkie funkcjonalno\u015bci.<\/li>\n<li>Nast\u0119pny etap to uruchomienie finalnej wersji strony i p\u00f3\u017aniejsza opieka nad stron\u0105.<\/li>\n<\/ol>\n<p>&nbsp;<\/p>\n<p><strong>Bonusy:<\/strong><\/p>\n<ul>\n<li>W cenie strony internetowej GRATIS 1 rok domeny (nazwa z ko\u0144c\u00f3wk\u0105 .pl lub .com)<\/li>\n<li>W cenie strony internetowej GRATIS 1 rok hostingu (serwera, miejsce w internecie na Twoj\u0105 stron\u0119)<\/li>\n<li>GRATIS instruktarz jak poprawia\u0107 teksty na stronie i dodawa\u0107 nowe tre\u015bci<\/li>\n<li>GRATIS opieka nad stron\u0105 i wprowadzanie poprawek<\/li>\n<\/ul>\n<p>&nbsp;<\/p>\n<p>&nbsp;<\/p>\n<p><strong>Chcesz dowiedzie\u0107 si\u0119 wi\u0119cej? Napisz wiadomo\u015b\u0107, postaram si\u0119 odpowiedzie\u0107 jeszcze dzi\u015b.<\/strong><\/p>\n<p>&nbsp;<\/p>\n<div class='fluentform ff-default fluentform_wrapper_3 ffs_default_wrap'><form data-form_id=\"3\" id=\"fluentform_3\" class=\"frm-fluent-form fluent_form_3 ff-el-form-top ff_form_instance_3_1 ff-form-loading ffs_default\" data-form_instance=\"ff_form_instance_3_1\" method=\"POST\" action=\"\" ><fieldset  style=\"border: none!important;margin: 0!important;padding: 0!important;background-color: transparent!important;box-shadow: none!important;outline: none!important; min-inline-size: 100%;\">\n                    <legend class=\"ff_screen_reader_title\" style=\"display: block; margin: 0!important;padding: 0!important;height: 0!important;text-indent: -999999px;width: 0!important;overflow:hidden;\">Blank Form (#3)<\/legend><input type='hidden' name='__fluent_form_embded_post_id' value='36097' \/><input type=\"hidden\" id=\"_fluentform_3_fluentformnonce\" name=\"_fluentform_3_fluentformnonce\" value=\"3a9bb3faa4\" \/><input type=\"hidden\" name=\"_wp_http_referer\" value=\"\/en\/wp-json\/wp\/v2\/product\/36097\" \/><div class='ff-el-group'><div class=\"ff-el-input--label asterisk-right\"><label for='ff_3_email' aria-label=\"Tw\u00f3j adres e-mail\">Tw\u00f3j adres e-mail<\/label><\/div><div class='ff-el-input--content'><input type=\"email\" name=\"email\" id=\"ff_3_email\" class=\"ff-el-form-control\" placeholder=\"Wpisz adres e-mail\" data-name=\"email\"  aria-invalid=\"false\" aria-required=\"false\"><\/div><\/div><div class='ff-el-group'><div class=\"ff-el-input--label asterisk-right\"><label for='ff_3_input_text' aria-label=\"Tw\u00f3j numer telefonu\">Tw\u00f3j numer telefonu<\/label><\/div><div class='ff-el-input--content'><input type=\"text\" name=\"input_text\" class=\"ff-el-form-control\" placeholder=\"Je\u015bli chcesz mo\u017cesz wpisa\u0107 numer telefonu\" data-name=\"input_text\" id=\"ff_3_input_text\"  aria-invalid=\"false\" aria-required=\"false\"><\/div><\/div><div class='ff-el-group'><div class=\"ff-el-input--label asterisk-right\"><label for='ff_3_description' aria-label=\"Pytanie\">Pytanie<\/label><\/div><div class='ff-el-input--content'><textarea aria-invalid=\"false\" aria-required=\"false\" name=\"description\" id=\"ff_3_description\" class=\"ff-el-form-control\" placeholder=\"Je\u017celi masz jakie\u015b pytanie napisz je tutaj\" rows=\"4\" cols=\"2\" data-name=\"description\" ><\/textarea><\/div><\/div><div class='ff-el-group ff-text-center ff_submit_btn_wrapper'><button type=\"submit\" class=\"ff-btn ff-btn-submit ff-btn-lg ff_btn_style wpf_has_custom_css\" >Wy\u015blij zapytanie<\/button><\/div><\/fieldset><input type=\"hidden\" name=\"trp-form-language\" value=\"en\"\/><\/form><div id='fluentform_3_errors' class='ff-errors-in-stack ff_form_instance_3_1 ff-form-loading_errors ff_form_instance_3_1_errors'><\/div><\/div>        <script type=\"text\/javascript\">\n            window.fluent_form_ff_form_instance_3_1 = {\"id\":\"3\",\"settings\":{\"layout\":{\"labelPlacement\":\"top\",\"helpMessagePlacement\":\"with_label\",\"errorMessagePlacement\":\"inline\",\"cssClassName\":\"\",\"asteriskPlacement\":\"asterisk-right\"},\"restrictions\":{\"denyEmptySubmission\":{\"enabled\":false}}},\"form_instance\":\"ff_form_instance_3_1\",\"form_id_selector\":\"fluentform_3\",\"rules\":{\"email\":{\"required\":{\"value\":false,\"message\":\"This field is required\",\"global_message\":\"This field is required\",\"global\":true},\"email\":{\"value\":true,\"message\":\"To pole jest obowi\\u0105zkowe\",\"global_message\":\"This field must contain a valid email\",\"global\":false}},\"input_text\":{\"required\":{\"value\":false,\"message\":\"This field is required\",\"global_message\":\"This field is required\",\"global\":true}},\"description\":{\"required\":{\"value\":false,\"message\":\"This field is required\",\"global_message\":\"This field is required\",\"global\":true}}}};\n                    <\/script>","protected":false},"excerpt":{"rendered":"<p>Kr\u00f3tki opis<\/p>","protected":false},"featured_media":36182,"template":"","meta":[],"product_cat":[370],"product_tag":[],"class_list":{"0":"post-36097","1":"product","2":"type-product","3":"status-publish","4":"has-post-thumbnail","6":"product_cat-strony-internetowe","8":"first","9":"instock","10":"virtual","11":"sold-individually","12":"purchasable","13":"product-type-simple"},"_links":{"self":[{"href":"https:\/\/mark-eating.pl\/en\/wp-json\/wp\/v2\/product\/36097","targetHints":{"allow":["GET"]}}],"collection":[{"href":"https:\/\/mark-eating.pl\/en\/wp-json\/wp\/v2\/product"}],"about":[{"href":"https:\/\/mark-eating.pl\/en\/wp-json\/wp\/v2\/types\/product"}],"wp:featuredmedia":[{"embeddable":true,"href":"https:\/\/mark-eating.pl\/en\/wp-json\/wp\/v2\/media\/36182"}],"wp:attachment":[{"href":"https:\/\/mark-eating.pl\/en\/wp-json\/wp\/v2\/media?parent=36097"}],"wp:term":[{"taxonomy":"product_cat","embeddable":true,"href":"https:\/\/mark-eating.pl\/en\/wp-json\/wp\/v2\/product_cat?post=36097"},{"taxonomy":"product_tag","embeddable":true,"href":"https:\/\/mark-eating.pl\/en\/wp-json\/wp\/v2\/product_tag?post=36097"}],"curies":[{"name":"wp","href":"https:\/\/api.w.org\/{rel}","templated":true}]}}