{"id":36015,"date":"2024-05-28T18:39:21","date_gmt":"2024-05-28T16:39:21","guid":{"rendered":"https:\/\/mark-eating.pl\/?post_type=product&#038;p=36015"},"modified":"2024-12-03T09:02:32","modified_gmt":"2024-12-03T08:02:32","slug":"obsluga-reklam-google-ads","status":"publish","type":"product","link":"https:\/\/mark-eating.pl\/en\/product\/obsluga-reklam-google-ads\/","title":{"rendered":"Obs\u0142uga Reklam Google Ads"},"content":{"rendered":"<p>Mam 5 letnie do\u015bwiadczenie w przygotowywaniu kampanii reklamowych nie tylko w Polsce ale tak\u017ce w ca\u0142ej Europie. Razem Google Ads mo\u017cesz wy\u015bwietla\u0107 si\u0119 w wynikach wyszukiwania Google zaraz obok albo nad Twoj\u0105 konkurencj\u0105. Dzi\u0119ki tego rodzaju reklamie mo\u017cesz sta\u0107 si\u0119 pierwszym wyborem u\u017cytkownik\u00f3w wyszukiwarki, kt\u00f3rzy nie po\u015bwi\u0119caj\u0105 swojego czasu na przegl\u0105danie wi\u0119cej ni\u017c pierwszej strony wynik\u00f3w wyszukiwania &#8211; kto pierwszy ten wygrywa klienta!<\/p>\n<p>&nbsp;<\/p>\n<p><img fetchpriority=\"high\" decoding=\"async\" class=\"alignnone wp-image-36369 size-full\" src=\"https:\/\/mark-eating.pl\/wp-content\/uploads\/2024\/05\/certyfikaty.png\" alt=\"certyfikaty google ads\" width=\"2562\" height=\"666\" srcset=\"https:\/\/mark-eating.pl\/wp-content\/uploads\/2024\/05\/certyfikaty.png 2562w, https:\/\/mark-eating.pl\/wp-content\/uploads\/2024\/05\/certyfikaty-300x78.png 300w, https:\/\/mark-eating.pl\/wp-content\/uploads\/2024\/05\/certyfikaty-1024x266.png 1024w, https:\/\/mark-eating.pl\/wp-content\/uploads\/2024\/05\/certyfikaty-768x200.png 768w, https:\/\/mark-eating.pl\/wp-content\/uploads\/2024\/05\/certyfikaty-1536x399.png 1536w, https:\/\/mark-eating.pl\/wp-content\/uploads\/2024\/05\/certyfikaty-2048x532.png 2048w, https:\/\/mark-eating.pl\/wp-content\/uploads\/2024\/05\/certyfikaty-18x5.png 18w, https:\/\/mark-eating.pl\/wp-content\/uploads\/2024\/05\/certyfikaty-370x96.png 370w, https:\/\/mark-eating.pl\/wp-content\/uploads\/2024\/05\/certyfikaty-840x218.png 840w, https:\/\/mark-eating.pl\/wp-content\/uploads\/2024\/05\/certyfikaty-410x107.png 410w, https:\/\/mark-eating.pl\/wp-content\/uploads\/2024\/05\/certyfikaty-600x156.png 600w\" sizes=\"(max-width: 2562px) 100vw, 2562px\" \/><\/p>\n<p>&nbsp;<\/p>\n<p>Reklama, kt\u00f3r\u0105 przygotuj\u0119 b\u0119dzie Twoim handlowcem pracuj\u0105cym dla Ciebie 24 godziny na dob\u0119. Przygotuj\u0119 skrojon\u0105 pod Tw\u00f3j produkt \/ us\u0142ug\u0119 grup\u0119 docelow\u0105, s\u0142owa kluczowe oraz teksty reklamowe, kt\u00f3re sprawiaj\u0105, \u017ce a\u017c chce si\u0119 w nie klikn\u0105\u0107.<\/p>\n<p>&nbsp;<\/p>\n<p><strong>Gdzie mo\u017ce wy\u015bwietla\u0107 si\u0119 Twoja reklama?<\/strong><\/p>\n<ul>\n<li>W wyszukiwarce Google<\/li>\n<li>W stronach wy\u015bwietlaj\u0105cych banery reklamowe Google (np. onet.pl)<\/li>\n<li>W aplikacjach pobranych przez u\u017cytkownik\u00f3w Google Play<\/li>\n<li>W mailu Gmail<\/li>\n<li>Na portalu YouTube<\/li>\n<\/ul>\n<p>&nbsp;<\/p>\n<p><strong>Co obejmuje cena?\u00a0<\/strong><\/p>\n<ul>\n<li>Dob\u00f3r odpowiedniego miejsca umiejscowienia reklamy, kt\u00f3re najefektywniej wykorzysta ustalony bud\u017cet<\/li>\n<li>Przygotowanie tekst\u00f3w reklamowych, kt\u00f3re sprzedaj\u0105<\/li>\n<li>Przygotowanie przyci\u0105gaj\u0105cych uwag\u0119, profesjonalnych grafik reklamowych<\/li>\n<li>Wszystkie dzia\u0142ania reklamowe b\u0119d\u0105 realizowane na Twoim koncie reklamowym, nie jestem agencj\u0105, kt\u00f3ra informacje i ustawienia trzyma w ukryciu, kupujesz moje patenty, kt\u00f3re mo\u017cesz wykorzysta\u0107 tak\u017ce w przysz\u0142o\u015bci po ewentualnym zako\u0144czeniu wsp\u00f3\u0142pracy.<\/li>\n<\/ul>\n<p>&nbsp;<\/p>\n<p>Ze wzgl\u0119du na specyfikacj\u0119 reklam w Google zaleca si\u0119 przeprowadzenie przynajmniej 2 miesi\u0119cznej kampanii reklamowej, gdy\u017c najlepsze wyniki uzyskuje si\u0119 od drugiego miesi\u0105ca kampanii, kt\u00f3ra przez moje dzia\u0142ania jest optymalizowana i w finalnej wersji wyprofilowana w ten spos\u00f3b aby dociera\u0107 wy\u0142\u0105cznie do os\u00f3b, kt\u00f3re rzeczywi\u015bcie s\u0105 zainteresowane Twoim produktem \/ us\u0142ug\u0105.<\/p>\n<p>&nbsp;<\/p>\n<p><strong>Bonusy:<\/strong><\/p>\n<ul>\n<li>W ramach wsp\u00f3\u0142pracy otrzymasz ode mnie rekomendacj\u0119 jak powinna wygl\u0105da\u0107 Twoja wizyt\u00f3wka w Google Moja Firma aby pozycjonowa\u0142a Ci\u0119 za darmo. Wykorzystamy do tego celu s\u0142owa kluczowe i opinie u\u017cytkownik\u00f3w, wszystko wyt\u0142umacz\u0119 Ci podczas bezp\u0142atnych konsultacji w trakcie tworzenia kampanii.<\/li>\n<\/ul>\n<p>&nbsp;<\/p>\n<p>&nbsp;<\/p>\n<p><strong>Chcesz dowiedzie\u0107 si\u0119 wi\u0119cej? Napisz wiadomo\u015b\u0107, postaram si\u0119 odpowiedzie\u0107 jeszcze dzi\u015b.<\/strong><\/p>\n<p>&nbsp;<\/p>\n<div class='fluentform ff-default fluentform_wrapper_3 ffs_default_wrap'><form data-form_id=\"3\" id=\"fluentform_3\" class=\"frm-fluent-form fluent_form_3 ff-el-form-top ff_form_instance_3_1 ff-form-loading ffs_default\" data-form_instance=\"ff_form_instance_3_1\" method=\"POST\" action=\"\" ><fieldset  style=\"border: none!important;margin: 0!important;padding: 0!important;background-color: transparent!important;box-shadow: none!important;outline: none!important; min-inline-size: 100%;\">\n                    <legend class=\"ff_screen_reader_title\" style=\"display: block; margin: 0!important;padding: 0!important;height: 0!important;text-indent: -999999px;width: 0!important;overflow:hidden;\">Blank Form (#3)<\/legend><input type='hidden' name='__fluent_form_embded_post_id' value='36015' \/><input type=\"hidden\" id=\"_fluentform_3_fluentformnonce\" name=\"_fluentform_3_fluentformnonce\" value=\"3a9bb3faa4\" \/><input type=\"hidden\" name=\"_wp_http_referer\" value=\"\/en\/wp-json\/wp\/v2\/product\/36015\" \/><div class='ff-el-group'><div class=\"ff-el-input--label asterisk-right\"><label for='ff_3_email' aria-label=\"Tw\u00f3j adres e-mail\">Tw\u00f3j adres e-mail<\/label><\/div><div class='ff-el-input--content'><input type=\"email\" name=\"email\" id=\"ff_3_email\" class=\"ff-el-form-control\" placeholder=\"Wpisz adres e-mail\" data-name=\"email\"  aria-invalid=\"false\" aria-required=\"false\"><\/div><\/div><div class='ff-el-group'><div class=\"ff-el-input--label asterisk-right\"><label for='ff_3_input_text' aria-label=\"Tw\u00f3j numer telefonu\">Tw\u00f3j numer telefonu<\/label><\/div><div class='ff-el-input--content'><input type=\"text\" name=\"input_text\" class=\"ff-el-form-control\" placeholder=\"Je\u015bli chcesz mo\u017cesz wpisa\u0107 numer telefonu\" data-name=\"input_text\" id=\"ff_3_input_text\"  aria-invalid=\"false\" aria-required=\"false\"><\/div><\/div><div class='ff-el-group'><div class=\"ff-el-input--label asterisk-right\"><label for='ff_3_description' aria-label=\"Pytanie\">Pytanie<\/label><\/div><div class='ff-el-input--content'><textarea aria-invalid=\"false\" aria-required=\"false\" name=\"description\" id=\"ff_3_description\" class=\"ff-el-form-control\" placeholder=\"Je\u017celi masz jakie\u015b pytanie napisz je tutaj\" rows=\"4\" cols=\"2\" data-name=\"description\" ><\/textarea><\/div><\/div><div class='ff-el-group ff-text-center ff_submit_btn_wrapper'><button type=\"submit\" class=\"ff-btn ff-btn-submit ff-btn-lg ff_btn_style wpf_has_custom_css\" >Wy\u015blij zapytanie<\/button><\/div><\/fieldset><input type=\"hidden\" name=\"trp-form-language\" value=\"en\"\/><\/form><div id='fluentform_3_errors' class='ff-errors-in-stack ff_form_instance_3_1 ff-form-loading_errors ff_form_instance_3_1_errors'><\/div><\/div>        <script type=\"text\/javascript\">\n            window.fluent_form_ff_form_instance_3_1 = {\"id\":\"3\",\"settings\":{\"layout\":{\"labelPlacement\":\"top\",\"helpMessagePlacement\":\"with_label\",\"errorMessagePlacement\":\"inline\",\"cssClassName\":\"\",\"asteriskPlacement\":\"asterisk-right\"},\"restrictions\":{\"denyEmptySubmission\":{\"enabled\":false}}},\"form_instance\":\"ff_form_instance_3_1\",\"form_id_selector\":\"fluentform_3\",\"rules\":{\"email\":{\"required\":{\"value\":false,\"message\":\"This field is required\",\"global_message\":\"This field is required\",\"global\":true},\"email\":{\"value\":true,\"message\":\"To pole jest obowi\\u0105zkowe\",\"global_message\":\"This field must contain a valid email\",\"global\":false}},\"input_text\":{\"required\":{\"value\":false,\"message\":\"This field is required\",\"global_message\":\"This field is required\",\"global\":true}},\"description\":{\"required\":{\"value\":false,\"message\":\"This field is required\",\"global_message\":\"This field is required\",\"global\":true}}}};\n                    <\/script>","protected":false},"excerpt":{"rendered":"<p>Potrzebujesz reklamy w wyszukiwarce Google, Youtube a mo\u017ce w Gmailu a co za tym idzie zape\u0142niania kalendarza Twoich zlece\u0144 lub sta\u0142ego przychodu ze sprzeda\u017cy produkt\u00f3w! Sprawd\u017a ofert\u0119 wsp\u00f3\u0142pracy na stworzenie kampanii reklamowej, kt\u00f3re mog\u0119 dla Ciebie przeprowadzi\u0107.<\/p>","protected":false},"featured_media":36105,"template":"","meta":[],"product_cat":[367],"product_tag":[],"class_list":{"0":"post-36015","1":"product","2":"type-product","3":"status-publish","4":"has-post-thumbnail","6":"product_cat-reklama-online","8":"first","9":"instock","10":"virtual","11":"sold-individually","12":"purchasable","13":"product-type-simple"},"_links":{"self":[{"href":"https:\/\/mark-eating.pl\/en\/wp-json\/wp\/v2\/product\/36015","targetHints":{"allow":["GET"]}}],"collection":[{"href":"https:\/\/mark-eating.pl\/en\/wp-json\/wp\/v2\/product"}],"about":[{"href":"https:\/\/mark-eating.pl\/en\/wp-json\/wp\/v2\/types\/product"}],"wp:featuredmedia":[{"embeddable":true,"href":"https:\/\/mark-eating.pl\/en\/wp-json\/wp\/v2\/media\/36105"}],"wp:attachment":[{"href":"https:\/\/mark-eating.pl\/en\/wp-json\/wp\/v2\/media?parent=36015"}],"wp:term":[{"taxonomy":"product_cat","embeddable":true,"href":"https:\/\/mark-eating.pl\/en\/wp-json\/wp\/v2\/product_cat?post=36015"},{"taxonomy":"product_tag","embeddable":true,"href":"https:\/\/mark-eating.pl\/en\/wp-json\/wp\/v2\/product_tag?post=36015"}],"curies":[{"name":"wp","href":"https:\/\/api.w.org\/{rel}","templated":true}]}}