{"id":36014,"date":"2024-05-28T18:38:48","date_gmt":"2024-05-28T16:38:48","guid":{"rendered":"https:\/\/mark-eating.pl\/?post_type=product&#038;p=36014"},"modified":"2024-10-04T12:02:11","modified_gmt":"2024-10-04T10:02:11","slug":"obsluga-reklam-facebook-ads","status":"publish","type":"product","link":"https:\/\/mark-eating.pl\/en\/product\/obsluga-reklam-facebook-ads\/","title":{"rendered":"Obs\u0142uga Reklam Facebook Ads"},"content":{"rendered":"<p>Mam 5 letnie do\u015bwiadczenie w przygotowywaniu kampanii reklamowych nie tylko w Polsce ale tak\u017ce w ca\u0142ej Europie.<\/p>\n<p>&nbsp;<\/p>\n<p><strong>Gdzie mo\u017ce wy\u015bwietla\u0107 si\u0119 Twoja reklama?<\/strong><\/p>\n<ul>\n<li>Na Facebooku (aktualno\u015bci na Facebooku, relacje, w wyszukiwarce)<\/li>\n<li>Na Instagramie (aktualno\u015bci na Instagramie, relacje, w rolkach)<\/li>\n<li>Na Messengerze<\/li>\n<\/ul>\n<p>&nbsp;<\/p>\n<p><strong>Co obejmuje cena?\u00a0<\/strong><\/p>\n<ul>\n<li>Przygotowanie grafiki reklamowej i \/ lub video reklamowego pasuj\u0105cych do Twojej marki<\/li>\n<li>Przygotowanie tekst\u00f3w reklamowych, kt\u00f3re sk\u0142aniaj\u0105 do dzia\u0142ania<\/li>\n<li>Segmentacja odbiorc\u00f3w &#8211; targetowanie do kogo reklama ma trafi\u0107. Wsp\u00f3lnie okre\u015blimy jaki jest profil Twojego idealnego klienta, jaki ma wiek, jak\u0105 p\u0142e\u0107, ja na podstawie swojego do\u015bwiadczenia zdecyduj\u0119 jak mocno powinna zosta\u0107 wykonana segmentacja gdy\u017c zale\u017cna jest ona od tego &#8211; jak bardzo algorytmy Facebooka nas znaj\u0105<\/li>\n<li>Wskaz\u00f3wki co publikowa\u0107 w social mediach podczas trwania kampanii reklamowej<\/li>\n<li>Wskaz\u00f3wki jak obs\u0142ugiwa\u0107 uzyskane kontakty aby zmaksymalizowa\u0107 sprzeda\u017c<\/li>\n<li>Cena dotyczy miesi\u0119cznej obs\u0142ugi kampanii reklamowej, jej optymalizacj\u0119, coraz precyzyjniejsze dopasowanie, dodawanie nowych materia\u0142\u00f3w graficznych i video, konsultacje marketingowe w sprawach reklamowych oraz przygotowywanie raport\u00f3w miesi\u0119cznych<\/li>\n<\/ul>\n<p>&nbsp;<\/p>\n<p>Czy wiesz, \u017ce ** % z kontakt\u00f3w, kt\u00f3re otrzymasz w kampanii reklamowej zostanie Twoimi klientami w pierwszym miesi\u0105cu? Jaki to procent? Opowiem Ci o tym podczas rozmowy o naszej kampanii reklamowej, dlatego, \u017ce wiedz\u0105 kt\u00f3r\u0105 zdoby\u0142em przez ostatnie 5 lat tworzenia kampanii w Meta Ads nie powinna by\u0107 wed\u0142ug mnie tak bardzo og\u00f3lno dost\u0119pna &#8211; ja jestem w stanie wskaza\u0107 Ci potencjaln\u0105 ilo\u015b\u0107 klient\u00f3w przy danym bud\u017cecie.<\/p>\n<p>&nbsp;<\/p>\n<p><strong>Czego nie zawiera cena?<\/strong><\/p>\n<ul>\n<li>Sesji zdj\u0119ciowych (zdj\u0119cia mog\u0119 gratis pobra\u0107 dla Ciebie z legalnego banku zdj\u0119\u0107)<\/li>\n<li>Cena nie zawiera bud\u017cetu reklamowego p\u0142atnego firmie Meta (w zale\u017cno\u015bci od us\u0142ugi i terytorium wy\u015bwietlania reklamy powinno by\u0107 to od 500 z\u0142 miesi\u0119cznie aby zauwa\u017cy\u0107 realny efekt, kt\u00f3ry zwr\u00f3ci si\u0119 ju\u017c w pierwszym miesi\u0105cu).<\/li>\n<\/ul>\n<p>&nbsp;<\/p>\n<p>&nbsp;<\/p>\n<p><strong>Chcesz dowiedzie\u0107 si\u0119 wi\u0119cej? Napisz wiadomo\u015b\u0107, postaram si\u0119 odpowiedzie\u0107 jeszcze dzi\u015b.<\/strong><\/p>\n<p>&nbsp;<\/p>\n<div class='fluentform ff-default fluentform_wrapper_3 ffs_default_wrap'><form data-form_id=\"3\" id=\"fluentform_3\" class=\"frm-fluent-form fluent_form_3 ff-el-form-top ff_form_instance_3_1 ff-form-loading ffs_default\" data-form_instance=\"ff_form_instance_3_1\" method=\"POST\" action=\"\" ><fieldset  style=\"border: none!important;margin: 0!important;padding: 0!important;background-color: transparent!important;box-shadow: none!important;outline: none!important; min-inline-size: 100%;\">\n                    <legend class=\"ff_screen_reader_title\" style=\"display: block; margin: 0!important;padding: 0!important;height: 0!important;text-indent: -999999px;width: 0!important;overflow:hidden;\">Blank Form (#3)<\/legend><input type='hidden' name='__fluent_form_embded_post_id' value='36014' \/><input type=\"hidden\" id=\"_fluentform_3_fluentformnonce\" name=\"_fluentform_3_fluentformnonce\" value=\"3a9bb3faa4\" \/><input type=\"hidden\" name=\"_wp_http_referer\" value=\"\/en\/wp-json\/wp\/v2\/product\/36014\" \/><div class='ff-el-group'><div class=\"ff-el-input--label asterisk-right\"><label for='ff_3_email' aria-label=\"Tw\u00f3j adres e-mail\">Tw\u00f3j adres e-mail<\/label><\/div><div class='ff-el-input--content'><input type=\"email\" name=\"email\" id=\"ff_3_email\" class=\"ff-el-form-control\" placeholder=\"Wpisz adres e-mail\" data-name=\"email\"  aria-invalid=\"false\" aria-required=\"false\"><\/div><\/div><div class='ff-el-group'><div class=\"ff-el-input--label asterisk-right\"><label for='ff_3_input_text' aria-label=\"Tw\u00f3j numer telefonu\">Tw\u00f3j numer telefonu<\/label><\/div><div class='ff-el-input--content'><input type=\"text\" name=\"input_text\" class=\"ff-el-form-control\" placeholder=\"Je\u015bli chcesz mo\u017cesz wpisa\u0107 numer telefonu\" data-name=\"input_text\" id=\"ff_3_input_text\"  aria-invalid=\"false\" aria-required=\"false\"><\/div><\/div><div class='ff-el-group'><div class=\"ff-el-input--label asterisk-right\"><label for='ff_3_description' aria-label=\"Pytanie\">Pytanie<\/label><\/div><div class='ff-el-input--content'><textarea aria-invalid=\"false\" aria-required=\"false\" name=\"description\" id=\"ff_3_description\" class=\"ff-el-form-control\" placeholder=\"Je\u017celi masz jakie\u015b pytanie napisz je tutaj\" rows=\"4\" cols=\"2\" data-name=\"description\" ><\/textarea><\/div><\/div><div class='ff-el-group ff-text-center ff_submit_btn_wrapper'><button type=\"submit\" class=\"ff-btn ff-btn-submit ff-btn-lg ff_btn_style wpf_has_custom_css\" >Wy\u015blij zapytanie<\/button><\/div><\/fieldset><input type=\"hidden\" name=\"trp-form-language\" value=\"en\"\/><\/form><div id='fluentform_3_errors' class='ff-errors-in-stack ff_form_instance_3_1 ff-form-loading_errors ff_form_instance_3_1_errors'><\/div><\/div>        <script type=\"text\/javascript\">\n            window.fluent_form_ff_form_instance_3_1 = {\"id\":\"3\",\"settings\":{\"layout\":{\"labelPlacement\":\"top\",\"helpMessagePlacement\":\"with_label\",\"errorMessagePlacement\":\"inline\",\"cssClassName\":\"\",\"asteriskPlacement\":\"asterisk-right\"},\"restrictions\":{\"denyEmptySubmission\":{\"enabled\":false}}},\"form_instance\":\"ff_form_instance_3_1\",\"form_id_selector\":\"fluentform_3\",\"rules\":{\"email\":{\"required\":{\"value\":false,\"message\":\"This field is required\",\"global_message\":\"This field is required\",\"global\":true},\"email\":{\"value\":true,\"message\":\"To pole jest obowi\\u0105zkowe\",\"global_message\":\"This field must contain a valid email\",\"global\":false}},\"input_text\":{\"required\":{\"value\":false,\"message\":\"This field is required\",\"global_message\":\"This field is required\",\"global\":true}},\"description\":{\"required\":{\"value\":false,\"message\":\"This field is required\",\"global_message\":\"This field is required\",\"global\":true}}}};\n                    <\/script>\n        \n<p>&nbsp;<\/p>","protected":false},"excerpt":{"rendered":"<p>Potrzebujesz reklamy na Facebooku, Instagramie \u00a0a co za tym idzie zape\u0142niania kalendarza Twoich zlece\u0144 lub sta\u0142ego przychodu ze sprzeda\u017cy produkt\u00f3w! Sprawd\u017a ofert\u0119 wsp\u00f3\u0142pracy na miesi\u0119czna obs\u0142ug\u0119 kampanii reklamowych lub pojedyncze akcje reklamowe, kt\u00f3re mo\u017cemy razem zorganizowa\u0107.<\/p>","protected":false},"featured_media":36104,"template":"","meta":[],"product_cat":[367],"product_tag":[],"class_list":{"0":"post-36014","1":"product","2":"type-product","3":"status-publish","4":"has-post-thumbnail","6":"product_cat-reklama-online","8":"first","9":"instock","10":"sold-individually","11":"shipping-taxable","12":"purchasable","13":"product-type-simple"},"_links":{"self":[{"href":"https:\/\/mark-eating.pl\/en\/wp-json\/wp\/v2\/product\/36014","targetHints":{"allow":["GET"]}}],"collection":[{"href":"https:\/\/mark-eating.pl\/en\/wp-json\/wp\/v2\/product"}],"about":[{"href":"https:\/\/mark-eating.pl\/en\/wp-json\/wp\/v2\/types\/product"}],"wp:featuredmedia":[{"embeddable":true,"href":"https:\/\/mark-eating.pl\/en\/wp-json\/wp\/v2\/media\/36104"}],"wp:attachment":[{"href":"https:\/\/mark-eating.pl\/en\/wp-json\/wp\/v2\/media?parent=36014"}],"wp:term":[{"taxonomy":"product_cat","embeddable":true,"href":"https:\/\/mark-eating.pl\/en\/wp-json\/wp\/v2\/product_cat?post=36014"},{"taxonomy":"product_tag","embeddable":true,"href":"https:\/\/mark-eating.pl\/en\/wp-json\/wp\/v2\/product_tag?post=36014"}],"curies":[{"name":"wp","href":"https:\/\/api.w.org\/{rel}","templated":true}]}}