{"id":36008,"date":"2024-05-28T18:34:57","date_gmt":"2024-05-28T16:34:57","guid":{"rendered":"https:\/\/mark-eating.pl\/?post_type=product&#038;p=36008"},"modified":"2026-04-07T18:41:22","modified_gmt":"2026-04-07T16:41:22","slug":"pakiet-rolek-reels","status":"publish","type":"product","link":"https:\/\/mark-eating.pl\/en\/product\/pakiet-rolek-reels\/","title":{"rendered":"Nagrania Rolek na Social Media"},"content":{"rendered":"<p>Wykonuj\u0119 najwy\u017cszej jako\u015bci ciekawe, pe\u0142ne efekt\u00f3w rolki, kt\u00f3re wci\u0105gaj\u0105 odbiorc\u00f3w. Rolki mog\u0105 mie\u0107 r\u00f3\u017cny charakter wszystko ustalimy podczas konsultacji: rozrywkowe, edukacyjne, sprzeda\u017cowe, informacyjne a mo\u017ce po jednej z ka\u017cdej kategorii? Scenariusze przygotuj\u0119 dla Ciebie przed um\u00f3wion\u0105 wizyt\u0105, tak aby\u015bmy oboje zd\u0105\u017cyli si\u0119 przygotowa\u0107. Je\u017celi nigdy wcze\u015bniej nie kreci\u0142a\u015b\/e\u015b filmik\u00f3w nie przejmuj si\u0119 ze mn\u0105 nie uczysz si\u0119 tekst\u00f3w na pami\u0119\u0107, dzi\u0119ki moim autorskim metod\u0105 wszystko realizujemy sprawnie i bez stresu.<\/p>\n<p>&nbsp;<\/p>\n<div style=\"width: 1290px;\" class=\"wp-video\"><!--[if lt IE 9]><script>document.createElement('video');<\/script><![endif]-->\n<video class=\"wp-video-shortcode\" id=\"video-36008-1\" width=\"1290\" height=\"726\" poster=\"http:\/\/mark-eating.pl\/wp-content\/uploads\/2025\/06\/Zrzut-ekranu-2025-06-24-o-17.33.56-scaled.png\" loop preload=\"metadata\" controls=\"controls\"><source type=\"video\/mp4\" src=\"http:\/\/mark-eating.pl\/wp-content\/uploads\/2025\/06\/rolki.mp4?_=1\" \/><a href=\"http:\/\/mark-eating.pl\/wp-content\/uploads\/2025\/06\/rolki.mp4\">http:\/\/mark-eating.pl\/wp-content\/uploads\/2025\/06\/rolki.mp4<\/a><\/video><\/div>\n<p>&nbsp;<\/p>\n<p>&nbsp;<\/p>\n<p><strong>Co zawiera pakiet?<\/strong><\/p>\n<ul>\n<li>Pakiet 5 rolek &#8211; 1000 z\u0142 \/ 10 rolek &#8211; 1800 z\u0142<\/li>\n<li>Wybierz lokalizacj\u0119 czy kr\u0119cimy rolki w Twojej firmie czy w wynaj\u0119tym profesjonalnym studio (w przypadku wynaj\u0119cia studia +200 z\u0142 za 2 godziny wynajmu profesjonalnego studia nagraniowego)<\/li>\n<li>Na podstawie najch\u0119tniej ogl\u0105danych tre\u015bci w Twojej bran\u017cy przygotuj\u0119 scenariusze rolek a nast\u0119pnie poka\u017ce Ci m\u00f3j spos\u00f3b na nagrywania bez uczenia si\u0119 na pami\u0119\u0107 (nagrywamy po jednym zdaniu, dzi\u0119ki temu materia\u0142y s\u0105 dynamiczne i \u0142atwe do nagrania bez stresu)<\/li>\n<li>Pakiet zawiera m\u00f3j monta\u017c, efekty video, dodanie napis\u00f3w<\/li>\n<li>Dodatkowo gratis zawsze wykonuj\u0119 zdj\u0119cia do miniaturek, robimy po prostu mini sesje zdj\u0119ciow\u0105 zawsze kilka zdj\u0119\u0107 po ka\u017cdej rolce :)<\/li>\n<\/ul>\n<p>&nbsp;<\/p>\n<p>&nbsp;<\/p>\n<p><img fetchpriority=\"high\" decoding=\"async\" class=\"alignnone wp-image-36512 size-full\" src=\"https:\/\/mark-eating.pl\/wp-content\/uploads\/2025\/01\/socialmedia3.webp\" alt=\"prowadzenie social medi\u00f3w\" width=\"2544\" height=\"888\" srcset=\"https:\/\/mark-eating.pl\/wp-content\/uploads\/2025\/01\/socialmedia3.webp 2544w, https:\/\/mark-eating.pl\/wp-content\/uploads\/2025\/01\/socialmedia3-300x105.webp 300w, https:\/\/mark-eating.pl\/wp-content\/uploads\/2025\/01\/socialmedia3-1024x357.webp 1024w, https:\/\/mark-eating.pl\/wp-content\/uploads\/2025\/01\/socialmedia3-768x268.webp 768w, https:\/\/mark-eating.pl\/wp-content\/uploads\/2025\/01\/socialmedia3-1536x536.webp 1536w, https:\/\/mark-eating.pl\/wp-content\/uploads\/2025\/01\/socialmedia3-2048x715.webp 2048w, https:\/\/mark-eating.pl\/wp-content\/uploads\/2025\/01\/socialmedia3-18x6.webp 18w, https:\/\/mark-eating.pl\/wp-content\/uploads\/2025\/01\/socialmedia3-370x129.webp 370w, https:\/\/mark-eating.pl\/wp-content\/uploads\/2025\/01\/socialmedia3-840x293.webp 840w, https:\/\/mark-eating.pl\/wp-content\/uploads\/2025\/01\/socialmedia3-410x143.webp 410w, https:\/\/mark-eating.pl\/wp-content\/uploads\/2025\/01\/socialmedia3-600x209.webp 600w\" sizes=\"(max-width: 2544px) 100vw, 2544px\" \/><\/p>\n<p>&nbsp;<\/p>\n<p>&nbsp;<\/p>\n<p><strong>Jak rozpocz\u0105\u0107 wsp\u00f3\u0142prac\u0119?<\/strong><\/p>\n<ul>\n<li>Skontaktuj si\u0119 ze mn\u0105 za pomoc\u0105 formularza poni\u017cej lub wybierz od razu opcj\u0119 &#8221;Kup teraz&#8221;<\/li>\n<li>Nast\u0119pnie ustalimy wszystkie szczeg\u00f3\u0142y dotycz\u0105ce projektu i terminu nagra\u0144<\/li>\n<\/ul>\n<p>&nbsp;<\/p>\n<p>&nbsp;<\/p>\n<p>&nbsp;<\/p>\n<p><strong>Chcesz dowiedzie\u0107 si\u0119 wi\u0119cej? Napisz wiadomo\u015b\u0107, postaram si\u0119 odpowiedzie\u0107 jeszcze dzi\u015b.<\/strong><\/p>\n<p>&nbsp;<\/p>\n<div class='fluentform ff-default fluentform_wrapper_3 ffs_default_wrap'><form data-form_id=\"3\" id=\"fluentform_3\" class=\"frm-fluent-form fluent_form_3 ff-el-form-top ff_form_instance_3_1 ff-form-loading ffs_default\" data-form_instance=\"ff_form_instance_3_1\" method=\"POST\" action=\"\" ><fieldset  style=\"border: none!important;margin: 0!important;padding: 0!important;background-color: transparent!important;box-shadow: none!important;outline: none!important; min-inline-size: 100%;\">\n                    <legend class=\"ff_screen_reader_title\" style=\"display: block; margin: 0!important;padding: 0!important;height: 0!important;text-indent: -999999px;width: 0!important;overflow:hidden;\">Blank Form (#3)<\/legend><input type='hidden' name='__fluent_form_embded_post_id' value='36008' \/><input type=\"hidden\" id=\"_fluentform_3_fluentformnonce\" name=\"_fluentform_3_fluentformnonce\" value=\"3a9bb3faa4\" \/><input type=\"hidden\" name=\"_wp_http_referer\" value=\"\/en\/wp-json\/wp\/v2\/product\/36008\" \/><div class='ff-el-group'><div class=\"ff-el-input--label asterisk-right\"><label for='ff_3_email' aria-label=\"Tw\u00f3j adres e-mail\">Tw\u00f3j adres e-mail<\/label><\/div><div class='ff-el-input--content'><input type=\"email\" name=\"email\" id=\"ff_3_email\" class=\"ff-el-form-control\" placeholder=\"Wpisz adres e-mail\" data-name=\"email\"  aria-invalid=\"false\" aria-required=\"false\"><\/div><\/div><div class='ff-el-group'><div class=\"ff-el-input--label asterisk-right\"><label for='ff_3_input_text' aria-label=\"Tw\u00f3j numer telefonu\">Tw\u00f3j numer telefonu<\/label><\/div><div class='ff-el-input--content'><input type=\"text\" name=\"input_text\" class=\"ff-el-form-control\" placeholder=\"Je\u015bli chcesz mo\u017cesz wpisa\u0107 numer telefonu\" data-name=\"input_text\" id=\"ff_3_input_text\"  aria-invalid=\"false\" aria-required=\"false\"><\/div><\/div><div class='ff-el-group'><div class=\"ff-el-input--label asterisk-right\"><label for='ff_3_description' aria-label=\"Pytanie\">Pytanie<\/label><\/div><div class='ff-el-input--content'><textarea aria-invalid=\"false\" aria-required=\"false\" name=\"description\" id=\"ff_3_description\" class=\"ff-el-form-control\" placeholder=\"Je\u017celi masz jakie\u015b pytanie napisz je tutaj\" rows=\"4\" cols=\"2\" data-name=\"description\" ><\/textarea><\/div><\/div><div class='ff-el-group ff-text-center ff_submit_btn_wrapper'><button type=\"submit\" class=\"ff-btn ff-btn-submit ff-btn-lg ff_btn_style wpf_has_custom_css\" >Wy\u015blij zapytanie<\/button><\/div><\/fieldset><input type=\"hidden\" name=\"trp-form-language\" value=\"en\"\/><\/form><div id='fluentform_3_errors' class='ff-errors-in-stack ff_form_instance_3_1 ff-form-loading_errors ff_form_instance_3_1_errors'><\/div><\/div>        <script type=\"text\/javascript\">\n            window.fluent_form_ff_form_instance_3_1 = {\"id\":\"3\",\"settings\":{\"layout\":{\"labelPlacement\":\"top\",\"helpMessagePlacement\":\"with_label\",\"errorMessagePlacement\":\"inline\",\"cssClassName\":\"\",\"asteriskPlacement\":\"asterisk-right\"},\"restrictions\":{\"denyEmptySubmission\":{\"enabled\":false}}},\"form_instance\":\"ff_form_instance_3_1\",\"form_id_selector\":\"fluentform_3\",\"rules\":{\"email\":{\"required\":{\"value\":false,\"message\":\"This field is required\",\"global_message\":\"This field is required\",\"global\":true},\"email\":{\"value\":true,\"message\":\"To pole jest obowi\\u0105zkowe\",\"global_message\":\"This field must contain a valid email\",\"global\":false}},\"input_text\":{\"required\":{\"value\":false,\"message\":\"This field is required\",\"global_message\":\"This field is required\",\"global\":true}},\"description\":{\"required\":{\"value\":false,\"message\":\"This field is required\",\"global_message\":\"This field is required\",\"global\":true}}}};\n                    <\/script>","protected":false},"excerpt":{"rendered":"<p>Pakiet rolek z napisaniem scenariuszy, nakr\u0119ceniem oraz monta\u017cem. Stw\u00f3rzmy razem tre\u015bci, kt\u00f3re b\u0119d\u0105 wci\u0105gaj\u0105ce, anga\u017cuj\u0105ce i przek\u0142adaj\u0105ce si\u0119 na konwersje w postaci sprzeda\u017cy!<\/p>","protected":false},"featured_media":36193,"template":"","meta":[],"product_cat":[371],"product_tag":[],"class_list":{"0":"post-36008","1":"product","2":"type-product","3":"status-publish","4":"has-post-thumbnail","6":"product_cat-video-marketing","8":"first","9":"instock","10":"sold-individually","11":"shipping-taxable","12":"purchasable","13":"product-type-simple"},"_links":{"self":[{"href":"https:\/\/mark-eating.pl\/en\/wp-json\/wp\/v2\/product\/36008","targetHints":{"allow":["GET"]}}],"collection":[{"href":"https:\/\/mark-eating.pl\/en\/wp-json\/wp\/v2\/product"}],"about":[{"href":"https:\/\/mark-eating.pl\/en\/wp-json\/wp\/v2\/types\/product"}],"wp:featuredmedia":[{"embeddable":true,"href":"https:\/\/mark-eating.pl\/en\/wp-json\/wp\/v2\/media\/36193"}],"wp:attachment":[{"href":"https:\/\/mark-eating.pl\/en\/wp-json\/wp\/v2\/media?parent=36008"}],"wp:term":[{"taxonomy":"product_cat","embeddable":true,"href":"https:\/\/mark-eating.pl\/en\/wp-json\/wp\/v2\/product_cat?post=36008"},{"taxonomy":"product_tag","embeddable":true,"href":"https:\/\/mark-eating.pl\/en\/wp-json\/wp\/v2\/product_tag?post=36008"}],"curies":[{"name":"wp","href":"https:\/\/api.w.org\/{rel}","templated":true}]}}