{"id":36006,"date":"2024-05-28T18:33:31","date_gmt":"2024-05-28T16:33:31","guid":{"rendered":"https:\/\/mark-eating.pl\/?post_type=product&#038;p=36006"},"modified":"2025-02-26T17:09:48","modified_gmt":"2025-02-26T16:09:48","slug":"projekt-karty-menu","status":"publish","type":"product","link":"https:\/\/mark-eating.pl\/en\/product\/projekt-karty-menu\/","title":{"rendered":"Projekt Karty Menu Dla Restauracji"},"content":{"rendered":"<p>Przez ostatnie lata stworzy\u0142em setki kart menu dla restauracji w ca\u0142ej Polsce, mo\u017cna powiedzie\u0107 \u017ce zrobi\u0142em graficzne kuchenne rewolucje! Zam\u00f3w dla swojej restauracji ca\u0142kowicie now\u0105 kart\u0119 menu pasuj\u0105c\u0105 do Twojej aktualnej identyfikacji wizualnej, Twojego wn\u0119trza i kolorystyki.<\/p>\n<p>&nbsp;<\/p>\n<p><strong>Cena obejmuje:<\/strong><\/p>\n<ul>\n<li>Projekt karty menu &#8211; w cenie dowolna ilo\u015b\u0107 poprawek<\/li>\n<li>Projekt przygotowany do druku<\/li>\n<li>W cenie drobne poprawki tak\u017ce w przysz\u0142o\u015bci (np. zmiany cen)<\/li>\n<li>Projekt dwustronny w dowolnym formacie lub w formacie ksi\u0105\u017cki (do 10 stron)<\/li>\n<\/ul>\n<p>&nbsp;<\/p>\n<p><strong>Do projektu potrzebuj\u0119:\u00a0<\/strong><\/p>\n<ul>\n<li>Logo Twojego lokalu (je\u017celi posiadasz)<\/li>\n<li>Pozycje z karty menu do wstawienia do menu<\/li>\n<li>Dodatkowe informacje do umieszczenia (np. kod QR z linkiem do strony internetowej lub social-medi\u00f3w)<\/li>\n<\/ul>\n<p>&nbsp;<\/p>\n<p><strong>Jak rozpocz\u0105\u0107 wsp\u00f3\u0142prac\u0119?<\/strong><\/p>\n<ul>\n<li>Skontaktuj si\u0119 ze mn\u0105 za pomoc\u0105 formularza poni\u017cej lub wybierz od razu opcj\u0119 &#8221;Kup teraz&#8221;, wp\u0142a\u0107 zadatek 20% w celu rezerwacji terminu<\/li>\n<li>Nast\u0119pnie ustalimy wszystkie szczeg\u00f3\u0142y dotycz\u0105ce projektu<\/li>\n<li>Przyst\u0105pi\u0119 do realizacji projektu, poka\u017c\u0119 Ci propozycje a nast\u0119pnie wprowadzimy niezb\u0119dne poprawki<\/li>\n<\/ul>\n<p>&nbsp;<\/p>\n<p>&nbsp;<\/p>\n<p>&nbsp;<\/p>\n<p><strong>Chcesz dowiedzie\u0107 si\u0119 wi\u0119cej? Napisz wiadomo\u015b\u0107, postaram si\u0119 odpowiedzie\u0107 jeszcze dzi\u015b.<\/strong><\/p>\n<p>&nbsp;<\/p>\n<div class='fluentform ff-default fluentform_wrapper_3 ffs_default_wrap'><form data-form_id=\"3\" id=\"fluentform_3\" class=\"frm-fluent-form fluent_form_3 ff-el-form-top ff_form_instance_3_1 ff-form-loading ffs_default\" data-form_instance=\"ff_form_instance_3_1\" method=\"POST\" action=\"\" ><fieldset  style=\"border: none!important;margin: 0!important;padding: 0!important;background-color: transparent!important;box-shadow: none!important;outline: none!important; min-inline-size: 100%;\">\n                    <legend class=\"ff_screen_reader_title\" style=\"display: block; margin: 0!important;padding: 0!important;height: 0!important;text-indent: -999999px;width: 0!important;overflow:hidden;\">Blank Form (#3)<\/legend><input type='hidden' name='__fluent_form_embded_post_id' value='36006' \/><input type=\"hidden\" id=\"_fluentform_3_fluentformnonce\" name=\"_fluentform_3_fluentformnonce\" value=\"3a9bb3faa4\" \/><input type=\"hidden\" name=\"_wp_http_referer\" value=\"\/en\/wp-json\/wp\/v2\/product\/36006\" \/><div class='ff-el-group'><div class=\"ff-el-input--label asterisk-right\"><label for='ff_3_email' aria-label=\"Tw\u00f3j adres e-mail\">Tw\u00f3j adres e-mail<\/label><\/div><div class='ff-el-input--content'><input type=\"email\" name=\"email\" id=\"ff_3_email\" class=\"ff-el-form-control\" placeholder=\"Wpisz adres e-mail\" data-name=\"email\"  aria-invalid=\"false\" aria-required=\"false\"><\/div><\/div><div class='ff-el-group'><div class=\"ff-el-input--label asterisk-right\"><label for='ff_3_input_text' aria-label=\"Tw\u00f3j numer telefonu\">Tw\u00f3j numer telefonu<\/label><\/div><div class='ff-el-input--content'><input type=\"text\" name=\"input_text\" class=\"ff-el-form-control\" placeholder=\"Je\u015bli chcesz mo\u017cesz wpisa\u0107 numer telefonu\" data-name=\"input_text\" id=\"ff_3_input_text\"  aria-invalid=\"false\" aria-required=\"false\"><\/div><\/div><div class='ff-el-group'><div class=\"ff-el-input--label asterisk-right\"><label for='ff_3_description' aria-label=\"Pytanie\">Pytanie<\/label><\/div><div class='ff-el-input--content'><textarea aria-invalid=\"false\" aria-required=\"false\" name=\"description\" id=\"ff_3_description\" class=\"ff-el-form-control\" placeholder=\"Je\u017celi masz jakie\u015b pytanie napisz je tutaj\" rows=\"4\" cols=\"2\" data-name=\"description\" ><\/textarea><\/div><\/div><div class='ff-el-group ff-text-center ff_submit_btn_wrapper'><button type=\"submit\" class=\"ff-btn ff-btn-submit ff-btn-lg ff_btn_style wpf_has_custom_css\" >Wy\u015blij zapytanie<\/button><\/div><\/fieldset><input type=\"hidden\" name=\"trp-form-language\" value=\"en\"\/><\/form><div id='fluentform_3_errors' class='ff-errors-in-stack ff_form_instance_3_1 ff-form-loading_errors ff_form_instance_3_1_errors'><\/div><\/div>        <script type=\"text\/javascript\">\n            window.fluent_form_ff_form_instance_3_1 = {\"id\":\"3\",\"settings\":{\"layout\":{\"labelPlacement\":\"top\",\"helpMessagePlacement\":\"with_label\",\"errorMessagePlacement\":\"inline\",\"cssClassName\":\"\",\"asteriskPlacement\":\"asterisk-right\"},\"restrictions\":{\"denyEmptySubmission\":{\"enabled\":false}}},\"form_instance\":\"ff_form_instance_3_1\",\"form_id_selector\":\"fluentform_3\",\"rules\":{\"email\":{\"required\":{\"value\":false,\"message\":\"This field is required\",\"global_message\":\"This field is required\",\"global\":true},\"email\":{\"value\":true,\"message\":\"To pole jest obowi\\u0105zkowe\",\"global_message\":\"This field must contain a valid email\",\"global\":false}},\"input_text\":{\"required\":{\"value\":false,\"message\":\"This field is required\",\"global_message\":\"This field is required\",\"global\":true}},\"description\":{\"required\":{\"value\":false,\"message\":\"This field is required\",\"global_message\":\"This field is required\",\"global\":true}}}};\n                    <\/script>\n        \n<p>&nbsp;<\/p>\n<p>&nbsp;<\/p>","protected":false},"excerpt":{"rendered":"<p>Projekt graficzny karty menu dla Twojego baru, bistro, kawiarni lub restauracji przygotowany do druku z mo\u017cliwo\u015bci\u0105 edycji w cenie.<\/p>","protected":false},"featured_media":36416,"template":"","meta":[],"product_cat":[366],"product_tag":[],"class_list":{"0":"post-36006","1":"product","2":"type-product","3":"status-publish","4":"has-post-thumbnail","6":"product_cat-grafika-reklamowa","8":"first","9":"instock","10":"virtual","11":"sold-individually","12":"purchasable","13":"product-type-simple"},"_links":{"self":[{"href":"https:\/\/mark-eating.pl\/en\/wp-json\/wp\/v2\/product\/36006","targetHints":{"allow":["GET"]}}],"collection":[{"href":"https:\/\/mark-eating.pl\/en\/wp-json\/wp\/v2\/product"}],"about":[{"href":"https:\/\/mark-eating.pl\/en\/wp-json\/wp\/v2\/types\/product"}],"wp:featuredmedia":[{"embeddable":true,"href":"https:\/\/mark-eating.pl\/en\/wp-json\/wp\/v2\/media\/36416"}],"wp:attachment":[{"href":"https:\/\/mark-eating.pl\/en\/wp-json\/wp\/v2\/media?parent=36006"}],"wp:term":[{"taxonomy":"product_cat","embeddable":true,"href":"https:\/\/mark-eating.pl\/en\/wp-json\/wp\/v2\/product_cat?post=36006"},{"taxonomy":"product_tag","embeddable":true,"href":"https:\/\/mark-eating.pl\/en\/wp-json\/wp\/v2\/product_tag?post=36006"}],"curies":[{"name":"wp","href":"https:\/\/api.w.org\/{rel}","templated":true}]}}