{"id":36004,"date":"2024-05-28T18:30:52","date_gmt":"2024-05-28T16:30:52","guid":{"rendered":"https:\/\/mark-eating.pl\/?post_type=product&#038;p=36004"},"modified":"2024-10-04T12:02:23","modified_gmt":"2024-10-04T10:02:23","slug":"projekt-ulotek","status":"publish","type":"product","link":"https:\/\/mark-eating.pl\/en\/product\/projekt-ulotek\/","title":{"rendered":"Projekt Ulotek"},"content":{"rendered":"<p>Przez ostatnie lata stworzy\u0142em setki kart menu i ulotek dla restauracji, gabinet\u00f3w z bran\u017cy beauty, dla nieruchomo\u015bci i ogrodnictwa w ca\u0142ej Polsce. Zam\u00f3w dla swojej restauracji ca\u0142kowicie now\u0105 kart\u0119 menu pasuj\u0105c\u0105 do Twojej aktualnej identyfikacji wizualnej, Twojego wn\u0119trza i kolorystyki.<\/p>\n<p>&nbsp;<\/p>\n<p><strong>Dzi\u015b kiedy wszyscy chc\u0105 dzia\u0142a\u0107 w internecie a ulotek spotykamy coraz mniej (paradoksalnie) ulotka staje si\u0119 wyr\u00f3\u017cnikiem w reklamie!<\/strong><\/p>\n<p>&nbsp;<\/p>\n<p><strong>Cena obejmuje:<\/strong><\/p>\n<ul>\n<li>Projekt ulotek \u2013 w cenie dowolna ilo\u015b\u0107 poprawek<\/li>\n<li>Projekt przygotowany do druku<\/li>\n<li>Dowolna ilo\u015b\u0107 stron ulotki i rozmiar (A5, DL (jak koperta), otwierana DL, DL sk\u0142adana na 3 itd.)<\/li>\n<li>W cenie drobne poprawki tak\u017ce w przysz\u0142o\u015bci (np. zmiany cen, numeru telefonu)<\/li>\n<\/ul>\n<p>&nbsp;<\/p>\n<p><strong>Do projektu potrzebuj\u0119:\u00a0<\/strong><\/p>\n<ul>\n<li>Logo Twojej firmy (je\u017celi posiadasz)<\/li>\n<li>Teksty do wstawienia (pomagam w redagowaniu i wyci\u0105ganiu najwa\u017cniejszych informacji do ulotki)<\/li>\n<li>Dodatkowe informacje do umieszczenia (np. kod QR z linkiem do strony internetowej lub social-medi\u00f3w, je\u017celi nie masz takiego QR kodu zrobi\u0119 go dla Ciebie gratis, mo\u017cesz go wykorzystywa\u0107 w innych miejscach)<\/li>\n<\/ul>\n<p>&nbsp;<\/p>\n<p><strong>Dodatkowe informacje:<\/strong><\/p>\n<p>Je\u017celi potrzebujesz wi\u0119cej ni\u017c jednego projektu, kt\u00f3ry b\u0119dzie bardzo podobny jednak zmieni\u0105 si\u0119 teksty i zdj\u0119cia, ka\u017cdy kolejny projekt to 20% kwoty pierwszego<\/p>\n<p>&nbsp;<\/p>\n<p><strong>Jak rozpocz\u0105\u0107 wsp\u00f3\u0142prac\u0119?<\/strong><\/p>\n<ul>\n<li>Skontaktuj si\u0119 ze mn\u0105 za pomoc\u0105 formularza poni\u017cej lub wybierz od razu opcj\u0119 &#8221;Kup teraz&#8221;, wp\u0142a\u0107 zadatek 20% w celu rezerwacji terminu<\/li>\n<li>Nast\u0119pnie ustalimy wszystkie szczeg\u00f3\u0142y dotycz\u0105ce projektu<\/li>\n<li>Przyst\u0105pi\u0119 do realizacji projektu, poka\u017c\u0119 Ci propozycje a nast\u0119pnie wprowadzimy niezb\u0119dne poprawki<\/li>\n<\/ul>\n<p>&nbsp;<\/p>\n<p>&nbsp;<\/p>","protected":false},"excerpt":{"rendered":"<p>Projekt graficzny ulotki przeznaczony do druku dla Twojej firmy z dowolnej bran\u017cy. Dopasuj\u0119 si\u0119 do stylu Twojej firmy, unowocze\u015bni\u0119 go, stworz\u0119 teksty, kt\u00f3re dzia\u0142aj\u0105 jak magnes.<\/p>","protected":false},"featured_media":36181,"template":"","meta":[],"product_cat":[366],"product_tag":[],"class_list":{"0":"post-36004","1":"product","2":"type-product","3":"status-publish","4":"has-post-thumbnail","6":"product_cat-grafika-reklamowa","8":"first","9":"instock","10":"virtual","11":"sold-individually","12":"purchasable","13":"product-type-simple"},"_links":{"self":[{"href":"https:\/\/mark-eating.pl\/en\/wp-json\/wp\/v2\/product\/36004","targetHints":{"allow":["GET"]}}],"collection":[{"href":"https:\/\/mark-eating.pl\/en\/wp-json\/wp\/v2\/product"}],"about":[{"href":"https:\/\/mark-eating.pl\/en\/wp-json\/wp\/v2\/types\/product"}],"wp:featuredmedia":[{"embeddable":true,"href":"https:\/\/mark-eating.pl\/en\/wp-json\/wp\/v2\/media\/36181"}],"wp:attachment":[{"href":"https:\/\/mark-eating.pl\/en\/wp-json\/wp\/v2\/media?parent=36004"}],"wp:term":[{"taxonomy":"product_cat","embeddable":true,"href":"https:\/\/mark-eating.pl\/en\/wp-json\/wp\/v2\/product_cat?post=36004"},{"taxonomy":"product_tag","embeddable":true,"href":"https:\/\/mark-eating.pl\/en\/wp-json\/wp\/v2\/product_tag?post=36004"}],"curies":[{"name":"wp","href":"https:\/\/api.w.org\/{rel}","templated":true}]}}