{"id":36001,"date":"2024-05-28T18:27:27","date_gmt":"2024-05-28T16:27:27","guid":{"rendered":"https:\/\/mark-eating.pl\/?post_type=product&#038;p=36001"},"modified":"2025-01-31T22:24:35","modified_gmt":"2025-01-31T21:24:35","slug":"generator-klientow","status":"publish","type":"product","link":"https:\/\/mark-eating.pl\/en\/product\/generator-klientow\/","title":{"rendered":"Generator Klient\u00f3w &#8211; System na Facebook Ads"},"content":{"rendered":"<p>Generator Klient\u00f3w &#8211; to system (szkolenie online video) w kt\u00f3rym pokazuj\u0119 jak tworzy\u0142em kampani\u0119 dla moich klient\u00f3w, takie, kt\u00f3re przynosi\u0142y sta\u0142y ich przyp\u0142yw ka\u017cdego miesi\u0105ca. Je\u017celi potrzebujesz dodatkowych klient\u00f3w ka\u017cdego miesi\u0105ca poka\u017c\u0119 Ci jak to zrobi\u0107 w sprawdzony spos\u00f3b. <strong>Dost\u0119p do generatora klient\u00f3w jest do\u017cywotni!<\/strong><\/p>\n<p>&nbsp;<\/p>\n<p>Czy wiesz, \u017ce&#8230;<\/p>\n<ul>\n<li>Wiedzia\u0142a\u015b\/e\u015b, \u017ce reklama na &#8221;wiadomo\u015bci przychodz\u0105ce na messenger&#8221; nie dzia\u0142a?<\/li>\n<li>Czy wiesz jaka jest r\u00f3\u017cnica mi\u0119dzy publikacjami w social mediach a tym, \u017ce &#8221;reklama, musi by\u0107 reklam\u0105&#8221;.<\/li>\n<li>Wiesz w jaki spos\u00f3b studio modelowania sylwetki pozyskiwa\u0142o ze mn\u0105 ~20 nowych klient\u00f3w ka\u017cdego miesi\u0105ca?<\/li>\n<li>W jaki spos\u00f3b zape\u0142niam grupy na szkolenia ze stylizacji brwi od wielu wielu miesi\u0119cy?<\/li>\n<li>I w jaki spos\u00f3b pozyskiwa\u0142em klient\u00f3w dla firm logistycznych?<\/li>\n<\/ul>\n<p>&nbsp;<\/p>\n<p><strong>Przeczytaj do ko\u0144ca, \u017ceby sprawdzi\u0107 ilu klient\u00f3w pozyskam dla Ciebie z moim video pokazem Generator Klient\u00f3w!<\/strong><\/p>\n<p>&nbsp;<\/p>\n<p><strong>Witam Ci\u0119 w GENERATORZE KLIENT\u00d3W, jest to:\u00a0<\/strong><\/p>\n<p><strong>\u2b50 <\/strong>Systemie, kt\u00f3ry pokazuje jak krok po kroku uruchomi\u0107 reklam\u0119, kt\u00f3ra b\u0119dzie zbiera\u0142a warto\u015bciowe kontakty<\/p>\n<p><strong>\u2b50 <\/strong>Przedstawiam KONKRETNIE co w Polsce dzia\u0142a a co nie<\/p>\n<p><strong>\u2b50 <\/strong>Pokazuj\u0119 jak &#8221;by\u0107 jak billboard na autostradzie&#8221; i co to znaczy<\/p>\n<p><strong>\u2b50 <\/strong>Krok po kroku ustawisz ze mn\u0105 bud\u017cet, czas trwania, PERFEKCYJNE TARGETOWANIE I P\u0141APKI TARGETOWANIA, wkluczymy osoby, kt\u00f3re ju\u017c s\u0105 naszymi klientami, przygotujemy teksty i grafiki, kt\u00f3re SPRZEDAJ\u0104, pokazuj\u0119 konkretnie, \u017ce posty Instaramowe nie mog\u0105 by\u0107 grafikami reklamowymi i dlaczego.<\/p>\n<p>&nbsp;<\/p>\n<p><strong>Dla kogo jest GENERATOR KLIENT\u00d3W?<\/strong><\/p>\n<ul>\n<li>Dla w\u0142a\u015bcicieli ma\u0142ych i \u015brednich firm, kt\u00f3rzy nie chc\u0105 p\u0142aci\u0107 ka\u017cdego miesi\u0105ca po kilka st\u00f3w agencjom za ustawienia reklam<\/li>\n<li>Dla os\u00f3b, kt\u00f3re chc\u0105 wykonywa\u0107 REKLAMY DLA INNYCH i na tym zarabia\u0107 (content creatorzy, graficy, UGC)<\/li>\n<li>System sprawdzi si\u0119 dla bran\u017c: beauty, fitness, spedycja, kancelarie prawne (sp\u00f3\u0142ki), prywatne szko\u0142y i organizatorzy kurs\u00f3w, us\u0142ugi dla automotive i wypo\u017cyczalnie, dzia\u0142y HR poszukuj\u0105ce pracownik\u00f3w, firmy poszukuj\u0105ce kontakt\u00f3w B2C i B2B (masz w\u0105tpliwo\u015bci? napisz do mnie!)<\/li>\n<\/ul>\n<p>&nbsp;<\/p>\n<p><strong>Sprawd\u017a czy jako w\u0142a\u015bciciel biznesu jeste\u015b gotowy na uruchomienie reklam moim sprawdzonym sposobem:\u00a0<\/strong><\/p>\n<p>\u2705 Musisz mie\u0107 dost\u0119p do laptopa<\/p>\n<p>\u2705 Musisz by\u0107 gotowa\/y wyda\u0107 minimum 300 z\u0142 miesi\u0119cznie na reklam\u0119, najlepiej 500<\/p>\n<p>\u2705 Musisz by\u0107 gotowa\/y zrobi\u0107 wszystko krok po kroku wg. moich wytycznych (i pozby\u0107 si\u0119 my\u015bli &#8221;a ja s\u0142ysza\u0142am\/em, \u017ce&#8230;&#8221;)<\/p>\n<p>\u2705 Musisz by\u0107 gotowa\/y na wykonywanie telefon\u00f3w do kontakt\u00f3w, kt\u00f3re otrzymasz i przeprowadzi\u0107 &#8221;darmow\u0105 konsultacj\u0119&#8221; w sprawie swojej oferty<\/p>\n<p>&nbsp;<\/p>\n<p><strong>Co znajdziesz w moim systemie?<\/strong><\/p>\n<p>\ud83e\udd11 Szkolenie online &#8211; nagrane video z cz\u0119\u015bci\u0105 teoretyczn\u0105 o algorytmach reklamowych i \u00a0&#8221;krok po kroku&#8221; jak zrobi\u0107 pozyskuj\u0105c\u0105 reklam\u0119<\/p>\n<p>\ud83e\udd11 PDF z szablonami tekst\u00f3w do u\u017cycia w reklamie<\/p>\n<p>\ud83e\udd11 EXCEL do zarz\u0105dzania baz\u0105 kontakt\u00f3w, kt\u00f3r\u0105 pozyskasz z reklam<\/p>\n<p><strong>\ud83e\udd11 MO\u017bLIWO\u015a\u0106 DARMOWEJ KONSULTACJI REKLAMOWEJ ONLINE ZE MN\u0104<\/strong><\/p>\n<p>&nbsp;<\/p>\n<p><strong>Zobacz urywki systemu\u00a0<\/strong><\/p>\n<div style=\"width: 1290px;\" class=\"wp-video\"><!--[if lt IE 9]><script>document.createElement('video');<\/script><![endif]-->\n<video class=\"wp-video-shortcode\" id=\"video-36001-1\" width=\"1290\" height=\"726\" poster=\"https:\/\/mark-eating.pl\/wp-content\/uploads\/2024\/05\/mini-scaled.webp\" preload=\"metadata\" controls=\"controls\"><source type=\"video\/mp4\" src=\"https:\/\/mark-eating.pl\/wp-content\/uploads\/2024\/05\/generatorzapowiedz.mp4?_=1\" \/><a href=\"https:\/\/mark-eating.pl\/wp-content\/uploads\/2024\/05\/generatorzapowiedz.mp4\">https:\/\/mark-eating.pl\/wp-content\/uploads\/2024\/05\/generatorzapowiedz.mp4<\/a><\/video><\/div>\n<p>&nbsp;<\/p>\n<p>&nbsp;<\/p>\n<p><strong>Wydaj\u0105c na reklam\u0119:\u00a0<\/strong><\/p>\n<ul>\n<li>300 z\u0142 GENERATOR KLIENT\u00d3W dostarczy Ci oko\u0142o 5 klient\u00f3w<\/li>\n<li>500 z\u0142 GENERATOR KLIENT\u00d3W dostarczy Ci oko\u0142o 8 klient\u00f3w<\/li>\n<\/ul>\n<p>&nbsp;<\/p>\n<p>Niekt\u00f3rzy b\u0119d\u0105 obieca\u0107 Ci setki kontakt\u00f3w, a co Ci z samych kontakt\u00f3w skoro nigdy nie zostan\u0105 Twoimi klientami? Ja gwarantuj\u0119 Ci efekty na podstawie mojego 6-letniego do\u015bwiadczenia w pracy z kampaniami Meta Ads.<\/p>\n<p>&nbsp;<\/p>\n<p><span style=\"color: #ff99cc;\"><em><strong>Uwaga cena GENERATORA KLIENT\u00d3W ka\u017cdego dnia wzrasta o 1 z\u0142 za rok b\u0119dzie to o 365 z\u0142otych wi\u0119cej ni\u017c teraz! Dlaczego tak? To nazywa si\u0119 FOMO a ja w systemie opowiem Ci o tym wi\u0119cej.<\/strong><\/em><\/span><\/p>\n<p>&nbsp;<\/p>\n<p><strong>SYSTEM JEST:<\/strong><\/p>\n<p><strong>\u2b50 KONKRETNY I KR\u00d3TKI (bez zb\u0119dnego gadania)\u00a0<\/strong><\/p>\n<p><strong>\u2b50 WYNIKAJ\u0104CY TYLKO Z PRAKTYCZNEGO DO\u015aWIADCZENIA<\/strong><\/p>\n<p><strong>\u2b50 STWORZONY TAK, ABY KA\u017bDY KROK PO KROKU PORADZI\u0141 SOBIE Z URUCHOMIENIEM KAMPANII<\/strong><\/p>\n<p><strong>\u2b50 KUPUJESZ, WCHODZISZ, USTAWIASZ, SPRZEDAJESZ<\/strong><\/p>\n<p>&nbsp;<\/p>\n<p><img fetchpriority=\"high\" decoding=\"async\" class=\"alignnone wp-image-36245 size-full\" src=\"https:\/\/mark-eating.pl\/wp-content\/uploads\/2024\/05\/CODZIENNIE.webp\" alt=\"GENERATOR\" width=\"2544\" height=\"888\" srcset=\"https:\/\/mark-eating.pl\/wp-content\/uploads\/2024\/05\/CODZIENNIE.webp 2544w, https:\/\/mark-eating.pl\/wp-content\/uploads\/2024\/05\/CODZIENNIE-300x105.webp 300w, https:\/\/mark-eating.pl\/wp-content\/uploads\/2024\/05\/CODZIENNIE-1024x357.webp 1024w, https:\/\/mark-eating.pl\/wp-content\/uploads\/2024\/05\/CODZIENNIE-768x268.webp 768w, https:\/\/mark-eating.pl\/wp-content\/uploads\/2024\/05\/CODZIENNIE-1536x536.webp 1536w, https:\/\/mark-eating.pl\/wp-content\/uploads\/2024\/05\/CODZIENNIE-2048x715.webp 2048w, https:\/\/mark-eating.pl\/wp-content\/uploads\/2024\/05\/CODZIENNIE-18x6.webp 18w, https:\/\/mark-eating.pl\/wp-content\/uploads\/2024\/05\/CODZIENNIE-370x129.webp 370w, https:\/\/mark-eating.pl\/wp-content\/uploads\/2024\/05\/CODZIENNIE-840x293.webp 840w, https:\/\/mark-eating.pl\/wp-content\/uploads\/2024\/05\/CODZIENNIE-410x143.webp 410w, https:\/\/mark-eating.pl\/wp-content\/uploads\/2024\/05\/CODZIENNIE-600x209.webp 600w\" sizes=\"(max-width: 2544px) 100vw, 2544px\" \/><\/p>\n<p>&nbsp;<\/p>\n<p><span style=\"color: #ff99cc;\"><strong>START SYSTEMU 19.08.2024 (w najbli\u017cszy poniedzia\u0142ek 20:00) AKTUALNA CENA W PRZEDSPRZEDA\u017bY<\/strong><\/span><\/p>","protected":false},"excerpt":{"rendered":"<p><strong>Zdradzam tajniki mojej pracy reklamowej w GENERATORZE KLIENT\u00d3W! Krok po kroku pokazuj\u0119 jak stworzy\u0107 reklam\u0119, kt\u00f3ra przynosi KONKRETNYCH KLIENT\u00d3W ka\u017cdego miesi\u0105ca!<span class=\"Apple-converted-space\">\u00a0<\/span><\/strong><\/p>\n<p><span style=\"color: #ff99cc;\"><strong>Chcesz raz stworzy\u0107 reklam\u0119, kt\u00f3ra ka\u017cdego miesi\u0105ca b\u0119dzie dzia\u0142a\u0142a jak Tw\u00f3j automatyczny sprzedawca i b\u0119dzie przyprowadza\u0142a dla Ciebie dobrze stargetowanych klient\u00f3w?<\/strong><\/span><\/p>\n<p>Pracowa\u0142em dla Orange Logistcis (spedycja), Debitoris (kancelaria prawnicza), Body Space (si\u0142ownia i producent urz\u0105dze\u0144 fitness), Biar Beauty (szko\u0142a makija\u017cu) i wielu innych. Dla ka\u017cdej z tych firm prowadzi\u0142em kampanie reklamowe, kt\u00f3re ka\u017cdego miesi\u0105ca przynosi\u0142y dziesi\u0105tki klient\u00f3w. <strong>Teraz Tobie zdradz\u0119 m\u00f3j wypracowany system tworzenia kampanii reklamowej Facebook Ads!\u00a0<\/strong><\/p>","protected":false},"featured_media":36252,"template":"","meta":[],"product_cat":[368],"product_tag":[],"class_list":{"0":"post-36001","1":"product","2":"type-product","3":"status-publish","4":"has-post-thumbnail","6":"product_cat-szkolenia-online","8":"first","9":"instock","10":"sale","11":"virtual","12":"sold-individually","13":"purchasable","14":"product-type-simple"},"_links":{"self":[{"href":"https:\/\/mark-eating.pl\/en\/wp-json\/wp\/v2\/product\/36001","targetHints":{"allow":["GET"]}}],"collection":[{"href":"https:\/\/mark-eating.pl\/en\/wp-json\/wp\/v2\/product"}],"about":[{"href":"https:\/\/mark-eating.pl\/en\/wp-json\/wp\/v2\/types\/product"}],"wp:featuredmedia":[{"embeddable":true,"href":"https:\/\/mark-eating.pl\/en\/wp-json\/wp\/v2\/media\/36252"}],"wp:attachment":[{"href":"https:\/\/mark-eating.pl\/en\/wp-json\/wp\/v2\/media?parent=36001"}],"wp:term":[{"taxonomy":"product_cat","embeddable":true,"href":"https:\/\/mark-eating.pl\/en\/wp-json\/wp\/v2\/product_cat?post=36001"},{"taxonomy":"product_tag","embeddable":true,"href":"https:\/\/mark-eating.pl\/en\/wp-json\/wp\/v2\/product_tag?post=36001"}],"curies":[{"name":"wp","href":"https:\/\/api.w.org\/{rel}","templated":true}]}}