{"id":35904,"date":"2023-04-03T20:03:30","date_gmt":"2023-04-03T18:03:30","guid":{"rendered":"https:\/\/mark-eating.pl\/?page_id=35904"},"modified":"2024-09-28T10:11:04","modified_gmt":"2024-09-28T08:11:04","slug":"regulaminy","status":"publish","type":"page","link":"https:\/\/mark-eating.pl\/en\/regulaminy\/","title":{"rendered":"Regulaminy"},"content":{"rendered":"<div data-elementor-type=\"wp-page\" data-elementor-id=\"35904\" class=\"elementor elementor-35904\">\n\t\t\t\t\t\t<section class=\"elementor-section elementor-top-section elementor-element elementor-element-bac3a75 elementor-section-boxed elementor-section-height-default elementor-section-height-default sc_fly_static\" data-id=\"bac3a75\" data-element_type=\"section\">\n\t\t\t\t\t\t<div class=\"elementor-container elementor-column-gap-extended\">\n\t\t\t\t\t<div class=\"elementor-column elementor-col-100 elementor-top-column elementor-element elementor-element-3c2da8e sc_inner_width_none sc_content_align_inherit sc_layouts_column_icons_position_left sc_fly_static\" data-id=\"3c2da8e\" data-element_type=\"column\">\n\t\t\t<div class=\"elementor-widget-wrap elementor-element-populated\">\n\t\t\t\t\t\t<div class=\"elementor-element elementor-element-6cd1b51 sc_fly_static elementor-widget elementor-widget-text-editor\" data-id=\"6cd1b51\" data-element_type=\"widget\" data-widget_type=\"text-editor.default\">\n\t\t\t\t<div class=\"elementor-widget-container\">\n\t\t\t\t\t\t\t<h2><strong>Regulamin sklepu internetowego mark-eating.pl<\/strong><\/h2><p>\u00a0<\/p><p>\u00a0<\/p><p><strong>I. Postanowienia og\u00f3lne<\/strong><\/p><p>Sklep internetowy mark-eating.pl, dzia\u0142aj\u0105cy pod adresem <a href=\"https:\/\/mark-eating.pl\/en\/\" target=\"_new\" rel=\"noopener\">https:\/\/mark-eating.pl<\/a>, jest prowadzony przez firm\u0119 <strong>Markeating Bartosz Bodziony<\/strong> NIP: 9542841479, REGON: 522258390<br \/>Regulamin okre\u015bla zasady korzystania ze sklepu internetowego, sk\u0142adania zam\u00f3wie\u0144 na produkty dost\u0119pne w sklepie, dostarczania zam\u00f3wionych produkt\u00f3w, dokonywania p\u0142atno\u015bci przez Klienta oraz zasady odst\u0105pienia od umowy i procedury reklamacji.<br \/>Warunkiem z\u0142o\u017cenia zam\u00f3wienia w sklepie internetowym mark-eating.pl jest akceptacja niniejszego Regulaminu.<\/p><p><strong>II. Definicje<\/strong><\/p><ul><li><strong>Sklep internetowy<\/strong> \u2013 serwis internetowy dost\u0119pny pod adresem <a href=\"https:\/\/mark-eating.pl\/en\/\" target=\"_new\" rel=\"noopener\">https:\/\/mark-eating.pl<\/a>, za po\u015brednictwem kt\u00f3rego Klient mo\u017ce w szczeg\u00f3lno\u015bci sk\u0142ada\u0107 zam\u00f3wienia na produkty.<\/li><li><strong>Sprzedawca<\/strong> \u2013 <strong>Markeating Bartosz Bodziony<\/strong> NIP: 9542841479, REGON: 522258390<\/li><li><strong>Klient<\/strong> \u2013 ka\u017cda osoba fizyczna, osoba prawna lub jednostka organizacyjna nieposiadaj\u0105ca osobowo\u015bci prawnej, kt\u00f3ra dokonuje zam\u00f3wienia w sklepie internetowym mark-eating.pl.<\/li><li><strong>Produkt<\/strong> \u2013 dost\u0119pna w sklepie internetowym rzecz ruchoma lub us\u0142uga, b\u0119d\u0105ca przedmiotem umowy sprzeda\u017cy mi\u0119dzy Klientem a Sprzedawc\u0105.<\/li><li><strong>Zam\u00f3wienie<\/strong> \u2013 o\u015bwiadczenie woli Klienta, zmierzaj\u0105ce bezpo\u015brednio do zawarcia umowy sprzeda\u017cy, okre\u015blaj\u0105ce w szczeg\u00f3lno\u015bci rodzaj i liczb\u0119 produkt\u00f3w.<\/li><li><strong>Umowa sprzeda\u017cy<\/strong> \u2013 umowa sprzeda\u017cy produkt\u00f3w w rozumieniu Kodeksu Cywilnego, zawarta mi\u0119dzy Sprzedawc\u0105 a Klientem z wykorzystaniem serwisu internetowego sklepu.<\/li><\/ul><p><strong>III. Sk\u0142adanie zam\u00f3wie\u0144<\/strong><\/p><p>Zam\u00f3wienia mog\u0105 by\u0107 sk\u0142adane przez stron\u0119 internetow\u0105 <a href=\"https:\/\/mark-eating.pl\/en\/\" target=\"_new\" rel=\"noopener\">https:\/\/mark-eating.pl<\/a> 24 godziny na dob\u0119, 7 dni w tygodniu, w czasie dzia\u0142ania serwisu.<br \/>Aby z\u0142o\u017cy\u0107 zam\u00f3wienie, Klient musi dokona\u0107 wyboru produkt\u00f3w oraz doda\u0107 je do koszyka.<br \/>Klient w procesie sk\u0142adania zam\u00f3wienia zobowi\u0105zany jest do podania danych osobowych oraz adresowych zgodnych ze stanem faktycznym.<br \/>Po z\u0142o\u017ceniu zam\u00f3wienia, Klient otrzyma potwierdzenie przyj\u0119cia zam\u00f3wienia na podany adres e-mail lub telefonicznie.<\/p><p><strong>IV. Ceny i p\u0142atno\u015bci<\/strong><\/p><p>Wszystkie ceny produkt\u00f3w podane na stronie internetowej mark-eating.pl s\u0105 cenami brutto (zwolnienie z VAT) i s\u0105 wyra\u017cone w z\u0142otych polskich.<br \/>Sprzedawca zastrzega sobie prawo do zmiany cen produkt\u00f3w, zw\u0142aszcza gdy Klient postanowi wprowadzi\u0107 zmiany w zamawianej us\u0142udze.<br \/>Klient ma mo\u017cliwo\u015b\u0107 dokonania p\u0142atno\u015bci za zam\u00f3wione produkty za po\u015brednictwem systemu p\u0142atno\u015bci elektronicznych dost\u0119pnych na stronie sklepu.<br \/>Klient zobowi\u0105zany jest do dokonania p\u0142atno\u015bci w terminie 7 dni od dnia z\u0142o\u017cenia zam\u00f3wienia.<\/p><p><strong>V. Dostawa<\/strong><\/p><p>Dostawa produkt\u00f3w (rzeczy ruchome) jest realizowana na terytorium Rzeczypospolitej Polskiej. Dostawa us\u0142ug takich jak: projekty stron internetowych, grafiki reklamowej, video jest realizowana przez wybrany kana\u0142 komunikacji pomi\u0119dzy Klientem a Sprzedawc\u0105.<br \/>Koszty dostawy ponosi Klient, chyba \u017ce oferta stanowi inaczej.<br \/>Termin realizacji dostawy produkt\u00f3w ruchomych wynosi od 2 do 7 dni roboczych od momentu zaksi\u0119gowania p\u0142atno\u015bci na koncie Sprzedawcy. Termin realizacji towar\u00f3w cyfrowych ustalana jest indywidualnie.<br \/>W przypadku op\u00f3\u017anienia dostawy produktu ruchomego, Sprzedawca zobowi\u0105zuje si\u0119 do poinformowania Klienta o przyczynach op\u00f3\u017anienia i przewidywanym terminie dostawy.<\/p><p><strong>VI. Odst\u0105pienie od umowy<\/strong><\/p><p>Klient, b\u0119d\u0105cy konsumentem, ma prawo odst\u0105pi\u0107 od umowy sprzeda\u017cy bez podania przyczyny w terminie 14 dni od dnia otrzymania produktu ruchomego. Nie ma mo\u017cliwo\u015bci zwrotu towaru cyfrowego, kt\u00f3ry zosta\u0142 przygotowany na indywidualne zam\u00f3wienie. Produkt cyfrowy w postaci szkole\u0144 online, trening\u00f3w online czy lekcji online mo\u017ce zosta\u0107 zwr\u00f3cony, o ile nie zosta\u0142 on otwarty. Za otwarcie przyjmuje si\u0119 oznaczenie pola tzw. &#8220;check boxa&#8221;, akceptuj\u0105cego otwarcie lub inn\u0105 form\u0119 internetowego zabezpieczenia i potwierdzenia otwarcia.<br \/>Aby skorzysta\u0107 z prawa odst\u0105pienia od umowy, Klient musi poinformowa\u0107 Sprzedawc\u0119 o swojej decyzji poprzez jednoznaczne o\u015bwiadczenie wys\u0142ane poczt\u0105 elektroniczn\u0105 na adres: <a rel=\"noopener\">biuro@mark-eating.pl<\/a> lub listownie na adres siedziby Sprzedawcy.<br \/>W przypadku odst\u0105pienia od umowy, Klient zobowi\u0105zany jest do zwrotu produktu w stanie niezmienionym, nie p\u00f3\u017aniej ni\u017c w terminie 14 dni od dnia odst\u0105pienia od umowy.<br \/>Koszty zwrotu produktu ponosi Klient.<\/p><p><strong>VII. Reklamacje<\/strong><\/p><p>Sprzedawca odpowiada za wady fizyczne i prawne produktu zgodnie z obowi\u0105zuj\u0105cymi przepisami prawa.<br \/>Reklamacje mo\u017cna sk\u0142ada\u0107 pisemnie na adres siedziby Sprzedawcy lub elektronicznie na adres e-mail: <a rel=\"noopener\">biuro@mark-eating.pl<\/a><br \/>Reklamacja powinna zawiera\u0107 dane Klienta, opis wady oraz dow\u00f3d zakupu.<br \/>Sprzedawca rozpatrzy reklamacj\u0119 w terminie 14 dni od dnia jej otrzymania.<\/p><p><strong>VIII. Ochrona danych osobowych<\/strong><\/p><p>Administratorem danych osobowych Klienta jest <strong>Markeating Bartosz Bodziony<\/strong>.<br \/>Dane osobowe Klienta przetwarzane s\u0105 wy\u0142\u0105cznie w celu realizacji zam\u00f3wienia oraz zgodnie z obowi\u0105zuj\u0105cymi przepisami prawa.<br \/>Klient ma prawo do wgl\u0105du do swoich danych osobowych, ich poprawiania oraz \u017c\u0105dania ich usuni\u0119cia.<\/p><p><strong>IX. Postanowienia ko\u0144cowe<\/strong><\/p><p>Regulamin wchodzi w \u017cycie z dniem 1 czerwca 2024 roku.<br \/>Sprzedawca zastrzega sobie prawo do zmiany Regulaminu. Zmiany wchodz\u0105 w \u017cycie z dniem ich opublikowania na stronie internetowej sklepu.<br \/>W sprawach nieuregulowanych niniejszym Regulaminem zastosowanie maj\u0105 przepisy prawa polskiego, w szczeg\u00f3lno\u015bci Kodeksu Cywilnego oraz Ustawy o prawach konsumenta.<br \/>Niniejszy Regulamin jest dost\u0119pny pod adresem <a href=\"https:\/\/mark-eating.pl\/en\/regulamin\/\" target=\"_new\" rel=\"noopener\">https:\/\/mark-eating.pl\/regulamin<\/a><\/p>\t\t\t\t\t\t<\/div>\n\t\t\t\t<\/div>\n\t\t\t\t\t<\/div>\n\t\t<\/div>\n\t\t\t\t\t<\/div>\n\t\t<\/section>\n\t\t\t\t<\/div>","protected":false},"excerpt":{"rendered":"<p>Regulamin sklepu internetowego mark-eating.pl \u00a0 \u00a0 I. Postanowienia og\u00f3lne Sklep internetowy mark-eating.pl, dzia\u0142aj\u0105cy pod adresem https:\/\/mark-eating.pl, jest prowadzony przez firm\u0119 Markeating Bartosz Bodziony NIP: 9542841479, REGON: 522258390Regulamin okre\u015bla zasady korzystania&hellip;<\/p>","protected":false},"author":1,"featured_media":0,"parent":0,"menu_order":0,"comment_status":"closed","ping_status":"closed","template":"","meta":{"footnotes":""},"class_list":["post-35904","page","type-page","status-publish","hentry"],"_links":{"self":[{"href":"https:\/\/mark-eating.pl\/en\/wp-json\/wp\/v2\/pages\/35904","targetHints":{"allow":["GET"]}}],"collection":[{"href":"https:\/\/mark-eating.pl\/en\/wp-json\/wp\/v2\/pages"}],"about":[{"href":"https:\/\/mark-eating.pl\/en\/wp-json\/wp\/v2\/types\/page"}],"author":[{"embeddable":true,"href":"https:\/\/mark-eating.pl\/en\/wp-json\/wp\/v2\/users\/1"}],"replies":[{"embeddable":true,"href":"https:\/\/mark-eating.pl\/en\/wp-json\/wp\/v2\/comments?post=35904"}],"version-history":[{"count":10,"href":"https:\/\/mark-eating.pl\/en\/wp-json\/wp\/v2\/pages\/35904\/revisions"}],"predecessor-version":[{"id":36276,"href":"https:\/\/mark-eating.pl\/en\/wp-json\/wp\/v2\/pages\/35904\/revisions\/36276"}],"wp:attachment":[{"href":"https:\/\/mark-eating.pl\/en\/wp-json\/wp\/v2\/media?parent=35904"}],"curies":[{"name":"wp","href":"https:\/\/api.w.org\/{rel}","templated":true}]}}